{"id":4724,"date":"2022-11-29T10:26:50","date_gmt":"2022-11-29T10:26:50","guid":{"rendered":"https:\/\/playmarketshop.com\/product\/easygo\/"},"modified":"2025-10-10T06:48:16","modified_gmt":"2025-10-10T06:48:16","slug":"easygo","status":"publish","type":"product","link":"https:\/\/playmarketshop.com\/fr\/product\/easygo\/","title":{"rendered":"Easy Go &#8211; Fresh Collection"},"content":{"rendered":"","protected":false},"excerpt":{"rendered":"<p>Que vous vous d\u00e9placiez \u00e0 pied ou en voiture, Easy Go vous facilite la t\u00e2che. Son sac amovible innovant vous permet de l\u2019utiliser s\u00e9par\u00e9ment pour lui donner les usages les plus vari\u00e9s.\u00a0D\u2019un seul geste, vous pouvez retirer le sac pour le d\u00e9poser dans le coffre ou pour ramener vos courses chez vous, et ce, avec un encombrement minimal. Gr\u00e2ce \u00e0 son design unique, Easy Go sera votre grand alli\u00e9 pour faire toutes sortes de commissions, le plus facilement et le plus ais\u00e9ment possible.<\/p>\n<p>&nbsp;<\/p>\n","protected":false},"featured_media":8571,"template":"","meta":{"_acf_changed":false},"product_brand":[],"product_cat":[217],"product_tag":[],"class_list":{"0":"post-4724","1":"product","2":"type-product","3":"status-publish","4":"has-post-thumbnail","6":"product_cat-easy-go-fr","8":"first","9":"instock","10":"taxable","11":"shipping-taxable","12":"purchasable","13":"product-type-variable"},"acf":[],"yoast_head":"<!-- This site is optimized with the Yoast SEO plugin v27.3 - https:\/\/yoast.com\/product\/yoast-seo-wordpress\/ -->\n<title>Easy Go - Fresh Collection - Playmarket<\/title>\n<meta name=\"description\" content=\"Tanto si vas a pie como si necesitas coger el coche, Easy Go te lo pone f\u00e1cil. Su innovadora bolsa de quita y pon te permite darle un sinf\u00edn de usos.\" \/>\n<meta name=\"robots\" content=\"index, follow, max-snippet:-1, max-image-preview:large, max-video-preview:-1\" \/>\n<link rel=\"canonical\" href=\"https:\/\/playmarketshop.com\/fr\/product\/easygo\/\" \/>\n<meta property=\"og:locale\" content=\"fr_FR\" \/>\n<meta property=\"og:type\" content=\"article\" \/>\n<meta property=\"og:title\" content=\"Easy Go - Fresh Collection - Playmarket\" \/>\n<meta property=\"og:description\" content=\"Tanto si vas a pie como si necesitas coger el coche, Easy Go te lo pone f\u00e1cil. Su innovadora bolsa de quita y pon te permite darle un sinf\u00edn de usos.\" \/>\n<meta property=\"og:url\" content=\"https:\/\/playmarketshop.com\/fr\/product\/easygo\/\" \/>\n<meta property=\"og:site_name\" content=\"Playmarket\" \/>\n<meta property=\"article:modified_time\" content=\"2025-10-10T06:48:16+00:00\" \/>\n<meta property=\"og:image\" content=\"https:\/\/playmarketshop.com\/wp-content\/uploads\/2022\/11\/24966-easy-go-786-perfil.jpg\" \/>\n\t<meta property=\"og:image:width\" content=\"2300\" \/>\n\t<meta property=\"og:image:height\" content=\"2500\" \/>\n\t<meta property=\"og:image:type\" content=\"image\/jpeg\" \/>\n<meta name=\"twitter:card\" content=\"summary_large_image\" \/>\n<script type=\"application\/ld+json\" class=\"yoast-schema-graph\">{\"@context\":\"https:\\\/\\\/schema.org\",\"@graph\":[{\"@type\":\"WebPage\",\"@id\":\"https:\\\/\\\/playmarketshop.com\\\/fr\\\/product\\\/easygo\\\/\",\"url\":\"https:\\\/\\\/playmarketshop.com\\\/fr\\\/product\\\/easygo\\\/\",\"name\":\"Easy Go - Fresh Collection - Playmarket\",\"isPartOf\":{\"@id\":\"https:\\\/\\\/playmarketshop.com\\\/#website\"},\"primaryImageOfPage\":{\"@id\":\"https:\\\/\\\/playmarketshop.com\\\/fr\\\/product\\\/easygo\\\/#primaryimage\"},\"image\":{\"@id\":\"https:\\\/\\\/playmarketshop.com\\\/fr\\\/product\\\/easygo\\\/#primaryimage\"},\"thumbnailUrl\":\"https:\\\/\\\/playmarketshop.com\\\/wp-content\\\/uploads\\\/2022\\\/11\\\/24966-easy-go-786-perfil.jpg\",\"datePublished\":\"2022-11-29T10:26:50+00:00\",\"dateModified\":\"2025-10-10T06:48:16+00:00\",\"description\":\"Tanto si vas a pie como si necesitas coger el coche, Easy Go te lo pone f\u00e1cil. Su innovadora bolsa de quita y pon te permite darle un sinf\u00edn de usos.\",\"breadcrumb\":{\"@id\":\"https:\\\/\\\/playmarketshop.com\\\/fr\\\/product\\\/easygo\\\/#breadcrumb\"},\"inLanguage\":\"fr-FR\",\"potentialAction\":[{\"@type\":\"ReadAction\",\"target\":[\"https:\\\/\\\/playmarketshop.com\\\/fr\\\/product\\\/easygo\\\/\"]}]},{\"@type\":\"ImageObject\",\"inLanguage\":\"fr-FR\",\"@id\":\"https:\\\/\\\/playmarketshop.com\\\/fr\\\/product\\\/easygo\\\/#primaryimage\",\"url\":\"https:\\\/\\\/playmarketshop.com\\\/wp-content\\\/uploads\\\/2022\\\/11\\\/24966-easy-go-786-perfil.jpg\",\"contentUrl\":\"https:\\\/\\\/playmarketshop.com\\\/wp-content\\\/uploads\\\/2022\\\/11\\\/24966-easy-go-786-perfil.jpg\",\"width\":2300,\"height\":2500},{\"@type\":\"BreadcrumbList\",\"@id\":\"https:\\\/\\\/playmarketshop.com\\\/fr\\\/product\\\/easygo\\\/#breadcrumb\",\"itemListElement\":[{\"@type\":\"ListItem\",\"position\":1,\"name\":\"Home\",\"item\":\"https:\\\/\\\/playmarketshop.com\\\/fr\\\/\"},{\"@type\":\"ListItem\",\"position\":2,\"name\":\"Boutique\",\"item\":\"https:\\\/\\\/playmarketshop.com\\\/fr\\\/boutique\\\/\"},{\"@type\":\"ListItem\",\"position\":3,\"name\":\"Easy Go &#8211; Fresh Collection\"}]},{\"@type\":\"WebSite\",\"@id\":\"https:\\\/\\\/playmarketshop.com\\\/#website\",\"url\":\"https:\\\/\\\/playmarketshop.com\\\/\",\"name\":\"Playmarket\",\"description\":\"Los mejores carro de la compra\",\"potentialAction\":[{\"@type\":\"SearchAction\",\"target\":{\"@type\":\"EntryPoint\",\"urlTemplate\":\"https:\\\/\\\/playmarketshop.com\\\/?s={search_term_string}\"},\"query-input\":{\"@type\":\"PropertyValueSpecification\",\"valueRequired\":true,\"valueName\":\"search_term_string\"}}],\"inLanguage\":\"fr-FR\"}]}<\/script>\n<!-- \/ Yoast SEO plugin. -->","yoast_head_json":{"title":"Easy Go - Fresh Collection - Playmarket","description":"Tanto si vas a pie como si necesitas coger el coche, Easy Go te lo pone f\u00e1cil. Su innovadora bolsa de quita y pon te permite darle un sinf\u00edn de usos.","robots":{"index":"index","follow":"follow","max-snippet":"max-snippet:-1","max-image-preview":"max-image-preview:large","max-video-preview":"max-video-preview:-1"},"canonical":"https:\/\/playmarketshop.com\/fr\/product\/easygo\/","og_locale":"fr_FR","og_type":"article","og_title":"Easy Go - Fresh Collection - Playmarket","og_description":"Tanto si vas a pie como si necesitas coger el coche, Easy Go te lo pone f\u00e1cil. Su innovadora bolsa de quita y pon te permite darle un sinf\u00edn de usos.","og_url":"https:\/\/playmarketshop.com\/fr\/product\/easygo\/","og_site_name":"Playmarket","article_modified_time":"2025-10-10T06:48:16+00:00","og_image":[{"width":2300,"height":2500,"url":"https:\/\/playmarketshop.com\/wp-content\/uploads\/2022\/11\/24966-easy-go-786-perfil.jpg","type":"image\/jpeg"}],"twitter_card":"summary_large_image","schema":{"@context":"https:\/\/schema.org","@graph":[{"@type":"WebPage","@id":"https:\/\/playmarketshop.com\/fr\/product\/easygo\/","url":"https:\/\/playmarketshop.com\/fr\/product\/easygo\/","name":"Easy Go - Fresh Collection - Playmarket","isPartOf":{"@id":"https:\/\/playmarketshop.com\/#website"},"primaryImageOfPage":{"@id":"https:\/\/playmarketshop.com\/fr\/product\/easygo\/#primaryimage"},"image":{"@id":"https:\/\/playmarketshop.com\/fr\/product\/easygo\/#primaryimage"},"thumbnailUrl":"https:\/\/playmarketshop.com\/wp-content\/uploads\/2022\/11\/24966-easy-go-786-perfil.jpg","datePublished":"2022-11-29T10:26:50+00:00","dateModified":"2025-10-10T06:48:16+00:00","description":"Tanto si vas a pie como si necesitas coger el coche, Easy Go te lo pone f\u00e1cil. Su innovadora bolsa de quita y pon te permite darle un sinf\u00edn de usos.","breadcrumb":{"@id":"https:\/\/playmarketshop.com\/fr\/product\/easygo\/#breadcrumb"},"inLanguage":"fr-FR","potentialAction":[{"@type":"ReadAction","target":["https:\/\/playmarketshop.com\/fr\/product\/easygo\/"]}]},{"@type":"ImageObject","inLanguage":"fr-FR","@id":"https:\/\/playmarketshop.com\/fr\/product\/easygo\/#primaryimage","url":"https:\/\/playmarketshop.com\/wp-content\/uploads\/2022\/11\/24966-easy-go-786-perfil.jpg","contentUrl":"https:\/\/playmarketshop.com\/wp-content\/uploads\/2022\/11\/24966-easy-go-786-perfil.jpg","width":2300,"height":2500},{"@type":"BreadcrumbList","@id":"https:\/\/playmarketshop.com\/fr\/product\/easygo\/#breadcrumb","itemListElement":[{"@type":"ListItem","position":1,"name":"Home","item":"https:\/\/playmarketshop.com\/fr\/"},{"@type":"ListItem","position":2,"name":"Boutique","item":"https:\/\/playmarketshop.com\/fr\/boutique\/"},{"@type":"ListItem","position":3,"name":"Easy Go &#8211; Fresh Collection"}]},{"@type":"WebSite","@id":"https:\/\/playmarketshop.com\/#website","url":"https:\/\/playmarketshop.com\/","name":"Playmarket","description":"Los mejores carro de la compra","potentialAction":[{"@type":"SearchAction","target":{"@type":"EntryPoint","urlTemplate":"https:\/\/playmarketshop.com\/?s={search_term_string}"},"query-input":{"@type":"PropertyValueSpecification","valueRequired":true,"valueName":"search_term_string"}}],"inLanguage":"fr-FR"}]}},"_links":{"self":[{"href":"https:\/\/playmarketshop.com\/fr\/wp-json\/wp\/v2\/product\/4724","targetHints":{"allow":["GET"]}}],"collection":[{"href":"https:\/\/playmarketshop.com\/fr\/wp-json\/wp\/v2\/product"}],"about":[{"href":"https:\/\/playmarketshop.com\/fr\/wp-json\/wp\/v2\/types\/product"}],"wp:featuredmedia":[{"embeddable":true,"href":"https:\/\/playmarketshop.com\/fr\/wp-json\/wp\/v2\/media\/8571"}],"wp:attachment":[{"href":"https:\/\/playmarketshop.com\/fr\/wp-json\/wp\/v2\/media?parent=4724"}],"wp:term":[{"taxonomy":"product_brand","embeddable":true,"href":"https:\/\/playmarketshop.com\/fr\/wp-json\/wp\/v2\/product_brand?post=4724"},{"taxonomy":"product_cat","embeddable":true,"href":"https:\/\/playmarketshop.com\/fr\/wp-json\/wp\/v2\/product_cat?post=4724"},{"taxonomy":"product_tag","embeddable":true,"href":"https:\/\/playmarketshop.com\/fr\/wp-json\/wp\/v2\/product_tag?post=4724"}],"curies":[{"name":"wp","href":"https:\/\/api.w.org\/{rel}","templated":true}]}}