{"id":4082,"date":"2022-09-08T11:26:26","date_gmt":"2022-09-08T11:26:30","guid":{"rendered":"https:\/\/playmarketshop.com\/?post_type=product&#038;p=4082"},"modified":"2025-02-22T21:44:50","modified_gmt":"2025-02-22T21:44:50","slug":"playcare-original-collection","status":"publish","type":"product","link":"https:\/\/playmarketshop.com\/fr\/product\/playcare-original-collection\/","title":{"rendered":"Playcare &#8211; Original Collection"},"content":{"rendered":"","protected":false},"excerpt":{"rendered":"<p>Playcare est le fruit de l\u2019exp\u00e9rience et du savoir-faire de Playmarket. Il s\u2019agit d\u2019une gamme innovante de produits con\u00e7us pour faciliter la vie quotidienne de l\u2019utilisateur senior, en lui apportant l\u2019ind\u00e9pendance et le confort dont il a besoin pour faire ses courses sans effort. Le nouveau chariot Playcare est dot\u00e9 d\u2019une poign\u00e9e ergonomique et r\u00e9glable en hauteur qui offre une grande stabilit\u00e9, permettant \u00e0 l\u2019utilisateur de se tenir debout en toute s\u00e9curit\u00e9 et confortablement.<\/p>\n<p>De plus, son design est con\u00e7u pour faciliter la mobilit\u00e9 puisqu\u2019il permet de marcher sans qu\u2019aucun obstacle n\u2019entrave le d\u00e9placement. Cr\u00e9\u00e9 pour r\u00e9pondre aux besoins du public senior, le chariot Playcare est dot\u00e9 d\u2019un sac \u00e0 double niveau avec un niveau sup\u00e9rieur, facilement accessible, qui permet de le charger et le d\u00e9charger sans avoir \u00e0 se baisser. Le niveau inf\u00e9rieur est \u00e9galement accessible au moyen d\u2019une fermeture \u00e9clair. Pour disposer de la totalit\u00e9 de la contenance du chariot, il suffit de retirer le sac sup\u00e9rieur, qui est \u00e9galement fix\u00e9 par une fermeture \u00e9clair.<\/p>\n","protected":false},"featured_media":2562,"template":"","meta":{"_acf_changed":false},"product_brand":[],"product_cat":[166],"product_tag":[],"class_list":{"0":"post-4082","1":"product","2":"type-product","3":"status-publish","4":"has-post-thumbnail","6":"product_cat-playcare-fr","8":"first","9":"instock","10":"taxable","11":"shipping-taxable","12":"purchasable","13":"product-type-variable"},"acf":[],"yoast_head":"<!-- This site is optimized with the Yoast SEO plugin v27.3 - https:\/\/yoast.com\/product\/yoast-seo-wordpress\/ -->\n<title>Playcare - Original Collection - Playmarket<\/title>\n<meta name=\"robots\" content=\"index, follow, max-snippet:-1, max-image-preview:large, max-video-preview:-1\" \/>\n<link rel=\"canonical\" href=\"https:\/\/playmarketshop.com\/fr\/product\/playcare-original-collection\/\" \/>\n<meta property=\"og:locale\" content=\"fr_FR\" \/>\n<meta property=\"og:type\" content=\"article\" \/>\n<meta property=\"og:title\" content=\"Playcare - Original Collection - Playmarket\" \/>\n<meta property=\"og:description\" content=\"Playcare est le fruit de l\u2019exp\u00e9rience et du savoir-faire de Playmarket. Il s\u2019agit d\u2019une gamme innovante de produits con\u00e7us pour faciliter la vie quotidienne de l\u2019utilisateur senior, en lui apportant l\u2019ind\u00e9pendance et le confort dont il a besoin pour faire ses courses sans effort. Le nouveau chariot Playcare est dot\u00e9 d\u2019une poign\u00e9e ergonomique et r\u00e9glable en hauteur qui offre une grande stabilit\u00e9, permettant \u00e0 l\u2019utilisateur de se tenir debout en toute s\u00e9curit\u00e9 et confortablement.  De plus, son design est con\u00e7u pour faciliter la mobilit\u00e9 puisqu\u2019il permet de marcher sans qu\u2019aucun obstacle n\u2019entrave le d\u00e9placement. Cr\u00e9\u00e9 pour r\u00e9pondre aux besoins du public senior, le chariot Playcare est dot\u00e9 d\u2019un sac \u00e0 double niveau avec un niveau sup\u00e9rieur, facilement accessible, qui permet de le charger et le d\u00e9charger sans avoir \u00e0 se baisser. Le niveau inf\u00e9rieur est \u00e9galement accessible au moyen d\u2019une fermeture \u00e9clair. Pour disposer de la totalit\u00e9 de la contenance du chariot, il suffit de retirer le sac sup\u00e9rieur, qui est \u00e9galement fix\u00e9 par une fermeture \u00e9clair.\" \/>\n<meta property=\"og:url\" content=\"https:\/\/playmarketshop.com\/fr\/product\/playcare-original-collection\/\" \/>\n<meta property=\"og:site_name\" content=\"Playmarket\" \/>\n<meta property=\"article:modified_time\" content=\"2025-02-22T21:44:50+00:00\" \/>\n<meta property=\"og:image\" content=\"https:\/\/playmarketshop.com\/wp-content\/uploads\/2022\/05\/playcare-perfil-gris.jpg\" \/>\n\t<meta property=\"og:image:width\" content=\"2300\" \/>\n\t<meta property=\"og:image:height\" content=\"2500\" \/>\n\t<meta property=\"og:image:type\" content=\"image\/jpeg\" \/>\n<meta name=\"twitter:card\" content=\"summary_large_image\" \/>\n<script type=\"application\/ld+json\" class=\"yoast-schema-graph\">{\"@context\":\"https:\\\/\\\/schema.org\",\"@graph\":[{\"@type\":\"WebPage\",\"@id\":\"https:\\\/\\\/playmarketshop.com\\\/fr\\\/product\\\/playcare-original-collection\\\/\",\"url\":\"https:\\\/\\\/playmarketshop.com\\\/fr\\\/product\\\/playcare-original-collection\\\/\",\"name\":\"Playcare - Original Collection - Playmarket\",\"isPartOf\":{\"@id\":\"https:\\\/\\\/playmarketshop.com\\\/#website\"},\"primaryImageOfPage\":{\"@id\":\"https:\\\/\\\/playmarketshop.com\\\/fr\\\/product\\\/playcare-original-collection\\\/#primaryimage\"},\"image\":{\"@id\":\"https:\\\/\\\/playmarketshop.com\\\/fr\\\/product\\\/playcare-original-collection\\\/#primaryimage\"},\"thumbnailUrl\":\"https:\\\/\\\/playmarketshop.com\\\/wp-content\\\/uploads\\\/2022\\\/05\\\/playcare-perfil-gris.jpg\",\"datePublished\":\"2022-09-08T11:26:30+00:00\",\"dateModified\":\"2025-02-22T21:44:50+00:00\",\"breadcrumb\":{\"@id\":\"https:\\\/\\\/playmarketshop.com\\\/fr\\\/product\\\/playcare-original-collection\\\/#breadcrumb\"},\"inLanguage\":\"fr-FR\",\"potentialAction\":[{\"@type\":\"ReadAction\",\"target\":[\"https:\\\/\\\/playmarketshop.com\\\/fr\\\/product\\\/playcare-original-collection\\\/\"]}]},{\"@type\":\"ImageObject\",\"inLanguage\":\"fr-FR\",\"@id\":\"https:\\\/\\\/playmarketshop.com\\\/fr\\\/product\\\/playcare-original-collection\\\/#primaryimage\",\"url\":\"https:\\\/\\\/playmarketshop.com\\\/wp-content\\\/uploads\\\/2022\\\/05\\\/playcare-perfil-gris.jpg\",\"contentUrl\":\"https:\\\/\\\/playmarketshop.com\\\/wp-content\\\/uploads\\\/2022\\\/05\\\/playcare-perfil-gris.jpg\",\"width\":2300,\"height\":2500},{\"@type\":\"BreadcrumbList\",\"@id\":\"https:\\\/\\\/playmarketshop.com\\\/fr\\\/product\\\/playcare-original-collection\\\/#breadcrumb\",\"itemListElement\":[{\"@type\":\"ListItem\",\"position\":1,\"name\":\"Home\",\"item\":\"https:\\\/\\\/playmarketshop.com\\\/fr\\\/\"},{\"@type\":\"ListItem\",\"position\":2,\"name\":\"Boutique\",\"item\":\"https:\\\/\\\/playmarketshop.com\\\/fr\\\/boutique\\\/\"},{\"@type\":\"ListItem\",\"position\":3,\"name\":\"Playcare &#8211; Original Collection\"}]},{\"@type\":\"WebSite\",\"@id\":\"https:\\\/\\\/playmarketshop.com\\\/#website\",\"url\":\"https:\\\/\\\/playmarketshop.com\\\/\",\"name\":\"Playmarket\",\"description\":\"Los mejores carro de la compra\",\"potentialAction\":[{\"@type\":\"SearchAction\",\"target\":{\"@type\":\"EntryPoint\",\"urlTemplate\":\"https:\\\/\\\/playmarketshop.com\\\/?s={search_term_string}\"},\"query-input\":{\"@type\":\"PropertyValueSpecification\",\"valueRequired\":true,\"valueName\":\"search_term_string\"}}],\"inLanguage\":\"fr-FR\"}]}<\/script>\n<!-- \/ Yoast SEO plugin. -->","yoast_head_json":{"title":"Playcare - Original Collection - Playmarket","robots":{"index":"index","follow":"follow","max-snippet":"max-snippet:-1","max-image-preview":"max-image-preview:large","max-video-preview":"max-video-preview:-1"},"canonical":"https:\/\/playmarketshop.com\/fr\/product\/playcare-original-collection\/","og_locale":"fr_FR","og_type":"article","og_title":"Playcare - Original Collection - Playmarket","og_description":"Playcare est le fruit de l\u2019exp\u00e9rience et du savoir-faire de Playmarket. Il s\u2019agit d\u2019une gamme innovante de produits con\u00e7us pour faciliter la vie quotidienne de l\u2019utilisateur senior, en lui apportant l\u2019ind\u00e9pendance et le confort dont il a besoin pour faire ses courses sans effort. Le nouveau chariot Playcare est dot\u00e9 d\u2019une poign\u00e9e ergonomique et r\u00e9glable en hauteur qui offre une grande stabilit\u00e9, permettant \u00e0 l\u2019utilisateur de se tenir debout en toute s\u00e9curit\u00e9 et confortablement.  De plus, son design est con\u00e7u pour faciliter la mobilit\u00e9 puisqu\u2019il permet de marcher sans qu\u2019aucun obstacle n\u2019entrave le d\u00e9placement. Cr\u00e9\u00e9 pour r\u00e9pondre aux besoins du public senior, le chariot Playcare est dot\u00e9 d\u2019un sac \u00e0 double niveau avec un niveau sup\u00e9rieur, facilement accessible, qui permet de le charger et le d\u00e9charger sans avoir \u00e0 se baisser. Le niveau inf\u00e9rieur est \u00e9galement accessible au moyen d\u2019une fermeture \u00e9clair. Pour disposer de la totalit\u00e9 de la contenance du chariot, il suffit de retirer le sac sup\u00e9rieur, qui est \u00e9galement fix\u00e9 par une fermeture \u00e9clair.","og_url":"https:\/\/playmarketshop.com\/fr\/product\/playcare-original-collection\/","og_site_name":"Playmarket","article_modified_time":"2025-02-22T21:44:50+00:00","og_image":[{"width":2300,"height":2500,"url":"https:\/\/playmarketshop.com\/wp-content\/uploads\/2022\/05\/playcare-perfil-gris.jpg","type":"image\/jpeg"}],"twitter_card":"summary_large_image","schema":{"@context":"https:\/\/schema.org","@graph":[{"@type":"WebPage","@id":"https:\/\/playmarketshop.com\/fr\/product\/playcare-original-collection\/","url":"https:\/\/playmarketshop.com\/fr\/product\/playcare-original-collection\/","name":"Playcare - Original Collection - Playmarket","isPartOf":{"@id":"https:\/\/playmarketshop.com\/#website"},"primaryImageOfPage":{"@id":"https:\/\/playmarketshop.com\/fr\/product\/playcare-original-collection\/#primaryimage"},"image":{"@id":"https:\/\/playmarketshop.com\/fr\/product\/playcare-original-collection\/#primaryimage"},"thumbnailUrl":"https:\/\/playmarketshop.com\/wp-content\/uploads\/2022\/05\/playcare-perfil-gris.jpg","datePublished":"2022-09-08T11:26:30+00:00","dateModified":"2025-02-22T21:44:50+00:00","breadcrumb":{"@id":"https:\/\/playmarketshop.com\/fr\/product\/playcare-original-collection\/#breadcrumb"},"inLanguage":"fr-FR","potentialAction":[{"@type":"ReadAction","target":["https:\/\/playmarketshop.com\/fr\/product\/playcare-original-collection\/"]}]},{"@type":"ImageObject","inLanguage":"fr-FR","@id":"https:\/\/playmarketshop.com\/fr\/product\/playcare-original-collection\/#primaryimage","url":"https:\/\/playmarketshop.com\/wp-content\/uploads\/2022\/05\/playcare-perfil-gris.jpg","contentUrl":"https:\/\/playmarketshop.com\/wp-content\/uploads\/2022\/05\/playcare-perfil-gris.jpg","width":2300,"height":2500},{"@type":"BreadcrumbList","@id":"https:\/\/playmarketshop.com\/fr\/product\/playcare-original-collection\/#breadcrumb","itemListElement":[{"@type":"ListItem","position":1,"name":"Home","item":"https:\/\/playmarketshop.com\/fr\/"},{"@type":"ListItem","position":2,"name":"Boutique","item":"https:\/\/playmarketshop.com\/fr\/boutique\/"},{"@type":"ListItem","position":3,"name":"Playcare &#8211; Original Collection"}]},{"@type":"WebSite","@id":"https:\/\/playmarketshop.com\/#website","url":"https:\/\/playmarketshop.com\/","name":"Playmarket","description":"Los mejores carro de la compra","potentialAction":[{"@type":"SearchAction","target":{"@type":"EntryPoint","urlTemplate":"https:\/\/playmarketshop.com\/?s={search_term_string}"},"query-input":{"@type":"PropertyValueSpecification","valueRequired":true,"valueName":"search_term_string"}}],"inLanguage":"fr-FR"}]}},"_links":{"self":[{"href":"https:\/\/playmarketshop.com\/fr\/wp-json\/wp\/v2\/product\/4082","targetHints":{"allow":["GET"]}}],"collection":[{"href":"https:\/\/playmarketshop.com\/fr\/wp-json\/wp\/v2\/product"}],"about":[{"href":"https:\/\/playmarketshop.com\/fr\/wp-json\/wp\/v2\/types\/product"}],"wp:featuredmedia":[{"embeddable":true,"href":"https:\/\/playmarketshop.com\/fr\/wp-json\/wp\/v2\/media\/2562"}],"wp:attachment":[{"href":"https:\/\/playmarketshop.com\/fr\/wp-json\/wp\/v2\/media?parent=4082"}],"wp:term":[{"taxonomy":"product_brand","embeddable":true,"href":"https:\/\/playmarketshop.com\/fr\/wp-json\/wp\/v2\/product_brand?post=4082"},{"taxonomy":"product_cat","embeddable":true,"href":"https:\/\/playmarketshop.com\/fr\/wp-json\/wp\/v2\/product_cat?post=4082"},{"taxonomy":"product_tag","embeddable":true,"href":"https:\/\/playmarketshop.com\/fr\/wp-json\/wp\/v2\/product_tag?post=4082"}],"curies":[{"name":"wp","href":"https:\/\/api.w.org\/{rel}","templated":true}]}}