{"id":3235,"date":"2021-10-22T12:48:20","date_gmt":"2021-10-22T12:48:20","guid":{"rendered":"https:\/\/playmarketshop.com\/product\/gotwocompact-fresh\/"},"modified":"2026-02-18T11:56:18","modified_gmt":"2026-02-18T11:56:18","slug":"gotwocompact-fresh","status":"publish","type":"product","link":"https:\/\/playmarketshop.com\/fr\/product\/gotwocompact-fresh\/","title":{"rendered":"Go Two Compact &#8211; Fresh Collection"},"content":{"rendered":"<p>Les chariots les plus pratiques et les plus l\u00e9gers de Playmarket sont r\u00e9unis dans une collection fra\u00eeche et minimaliste con\u00e7ue pour ceux qui recherchent l\u2019essentiel. Contenance maximale avec un encombrement minimal, \u00e0 deux ou quatre roues. L\u2019option la plus pratique et la plus tendance pour faire ses courses avec la qualit\u00e9 et le design caract\u00e9ristiques de Playmarket.<\/p>\n","protected":false},"excerpt":{"rendered":"<p>Go Two Compact est le chariot \u00e0 deux roues id\u00e9al qui vous suivra partout. L\u00e9ger et maniable, il vous surprendra par sa tr\u00e8s bonne r\u00e9sistance et sa grande contenance. Et lorsque vous n\u2019en avez pas besoin, vous pouvez le ranger n\u2019importe o\u00f9 gr\u00e2ce \u00e0 son pliage innovant et ultra-compact. Et maintenant, gr\u00e2ce \u00e0 son sac enti\u00e8rement amovible, vous pouvez profiter du ch\u00e2ssis pour d\u2019autres utilisations.<\/p>\n","protected":false},"featured_media":10600,"template":"","meta":{"_acf_changed":false},"product_brand":[],"product_cat":[48],"product_tag":[],"class_list":{"0":"post-3235","1":"product","2":"type-product","3":"status-publish","4":"has-post-thumbnail","6":"product_cat-go-two-compact-fr","8":"first","9":"instock","10":"taxable","11":"shipping-taxable","12":"purchasable","13":"product-type-variable"},"acf":[],"yoast_head":"<!-- This site is optimized with the Yoast SEO plugin v27.3 - https:\/\/yoast.com\/product\/yoast-seo-wordpress\/ -->\n<title>Go Two Compact - Fresh Collection - Playmarket<\/title>\n<meta name=\"robots\" content=\"index, follow, max-snippet:-1, max-image-preview:large, max-video-preview:-1\" \/>\n<link rel=\"canonical\" href=\"https:\/\/playmarketshop.com\/fr\/product\/gotwocompact-fresh\/\" \/>\n<meta property=\"og:locale\" content=\"fr_FR\" \/>\n<meta property=\"og:type\" content=\"article\" \/>\n<meta property=\"og:title\" content=\"Go Two Compact - Fresh Collection - Playmarket\" \/>\n<meta property=\"og:description\" content=\"Go Two Compact est le chariot \u00e0 deux roues id\u00e9al qui vous suivra partout. L\u00e9ger et maniable, il vous surprendra par sa tr\u00e8s bonne r\u00e9sistance et sa grande contenance. Et lorsque vous n\u2019en avez pas besoin, vous pouvez le ranger n\u2019importe o\u00f9 gr\u00e2ce \u00e0 son pliage innovant et ultra-compact. Et maintenant, gr\u00e2ce \u00e0 son sac enti\u00e8rement amovible, vous pouvez profiter du ch\u00e2ssis pour d\u2019autres utilisations.\" \/>\n<meta property=\"og:url\" content=\"https:\/\/playmarketshop.com\/fr\/product\/gotwocompact-fresh\/\" \/>\n<meta property=\"og:site_name\" content=\"Playmarket\" \/>\n<meta property=\"article:modified_time\" content=\"2026-02-18T11:56:18+00:00\" \/>\n<meta property=\"og:image\" content=\"https:\/\/playmarketshop.com\/wp-content\/uploads\/2021\/10\/go-two-compact-6.jpg\" \/>\n\t<meta property=\"og:image:width\" content=\"2300\" \/>\n\t<meta property=\"og:image:height\" content=\"2500\" \/>\n\t<meta property=\"og:image:type\" content=\"image\/jpeg\" \/>\n<meta name=\"twitter:card\" content=\"summary_large_image\" \/>\n<script type=\"application\/ld+json\" class=\"yoast-schema-graph\">{\"@context\":\"https:\\\/\\\/schema.org\",\"@graph\":[{\"@type\":\"WebPage\",\"@id\":\"https:\\\/\\\/playmarketshop.com\\\/fr\\\/product\\\/gotwocompact-fresh\\\/\",\"url\":\"https:\\\/\\\/playmarketshop.com\\\/fr\\\/product\\\/gotwocompact-fresh\\\/\",\"name\":\"Go Two Compact - Fresh Collection - Playmarket\",\"isPartOf\":{\"@id\":\"https:\\\/\\\/playmarketshop.com\\\/#website\"},\"primaryImageOfPage\":{\"@id\":\"https:\\\/\\\/playmarketshop.com\\\/fr\\\/product\\\/gotwocompact-fresh\\\/#primaryimage\"},\"image\":{\"@id\":\"https:\\\/\\\/playmarketshop.com\\\/fr\\\/product\\\/gotwocompact-fresh\\\/#primaryimage\"},\"thumbnailUrl\":\"https:\\\/\\\/playmarketshop.com\\\/wp-content\\\/uploads\\\/2021\\\/10\\\/go-two-compact-6.jpg\",\"datePublished\":\"2021-10-22T12:48:20+00:00\",\"dateModified\":\"2026-02-18T11:56:18+00:00\",\"breadcrumb\":{\"@id\":\"https:\\\/\\\/playmarketshop.com\\\/fr\\\/product\\\/gotwocompact-fresh\\\/#breadcrumb\"},\"inLanguage\":\"fr-FR\",\"potentialAction\":[{\"@type\":\"ReadAction\",\"target\":[\"https:\\\/\\\/playmarketshop.com\\\/fr\\\/product\\\/gotwocompact-fresh\\\/\"]}]},{\"@type\":\"ImageObject\",\"inLanguage\":\"fr-FR\",\"@id\":\"https:\\\/\\\/playmarketshop.com\\\/fr\\\/product\\\/gotwocompact-fresh\\\/#primaryimage\",\"url\":\"https:\\\/\\\/playmarketshop.com\\\/wp-content\\\/uploads\\\/2021\\\/10\\\/go-two-compact-6.jpg\",\"contentUrl\":\"https:\\\/\\\/playmarketshop.com\\\/wp-content\\\/uploads\\\/2021\\\/10\\\/go-two-compact-6.jpg\",\"width\":2300,\"height\":2500},{\"@type\":\"BreadcrumbList\",\"@id\":\"https:\\\/\\\/playmarketshop.com\\\/fr\\\/product\\\/gotwocompact-fresh\\\/#breadcrumb\",\"itemListElement\":[{\"@type\":\"ListItem\",\"position\":1,\"name\":\"Home\",\"item\":\"https:\\\/\\\/playmarketshop.com\\\/fr\\\/\"},{\"@type\":\"ListItem\",\"position\":2,\"name\":\"Boutique\",\"item\":\"https:\\\/\\\/playmarketshop.com\\\/fr\\\/boutique\\\/\"},{\"@type\":\"ListItem\",\"position\":3,\"name\":\"Go Two Compact &#8211; Fresh Collection\"}]},{\"@type\":\"WebSite\",\"@id\":\"https:\\\/\\\/playmarketshop.com\\\/#website\",\"url\":\"https:\\\/\\\/playmarketshop.com\\\/\",\"name\":\"Playmarket\",\"description\":\"Los mejores carro de la compra\",\"potentialAction\":[{\"@type\":\"SearchAction\",\"target\":{\"@type\":\"EntryPoint\",\"urlTemplate\":\"https:\\\/\\\/playmarketshop.com\\\/?s={search_term_string}\"},\"query-input\":{\"@type\":\"PropertyValueSpecification\",\"valueRequired\":true,\"valueName\":\"search_term_string\"}}],\"inLanguage\":\"fr-FR\"}]}<\/script>\n<!-- \/ Yoast SEO plugin. -->","yoast_head_json":{"title":"Go Two Compact - Fresh Collection - Playmarket","robots":{"index":"index","follow":"follow","max-snippet":"max-snippet:-1","max-image-preview":"max-image-preview:large","max-video-preview":"max-video-preview:-1"},"canonical":"https:\/\/playmarketshop.com\/fr\/product\/gotwocompact-fresh\/","og_locale":"fr_FR","og_type":"article","og_title":"Go Two Compact - Fresh Collection - Playmarket","og_description":"Go Two Compact est le chariot \u00e0 deux roues id\u00e9al qui vous suivra partout. L\u00e9ger et maniable, il vous surprendra par sa tr\u00e8s bonne r\u00e9sistance et sa grande contenance. Et lorsque vous n\u2019en avez pas besoin, vous pouvez le ranger n\u2019importe o\u00f9 gr\u00e2ce \u00e0 son pliage innovant et ultra-compact. Et maintenant, gr\u00e2ce \u00e0 son sac enti\u00e8rement amovible, vous pouvez profiter du ch\u00e2ssis pour d\u2019autres utilisations.","og_url":"https:\/\/playmarketshop.com\/fr\/product\/gotwocompact-fresh\/","og_site_name":"Playmarket","article_modified_time":"2026-02-18T11:56:18+00:00","og_image":[{"width":2300,"height":2500,"url":"https:\/\/playmarketshop.com\/wp-content\/uploads\/2021\/10\/go-two-compact-6.jpg","type":"image\/jpeg"}],"twitter_card":"summary_large_image","schema":{"@context":"https:\/\/schema.org","@graph":[{"@type":"WebPage","@id":"https:\/\/playmarketshop.com\/fr\/product\/gotwocompact-fresh\/","url":"https:\/\/playmarketshop.com\/fr\/product\/gotwocompact-fresh\/","name":"Go Two Compact - Fresh Collection - Playmarket","isPartOf":{"@id":"https:\/\/playmarketshop.com\/#website"},"primaryImageOfPage":{"@id":"https:\/\/playmarketshop.com\/fr\/product\/gotwocompact-fresh\/#primaryimage"},"image":{"@id":"https:\/\/playmarketshop.com\/fr\/product\/gotwocompact-fresh\/#primaryimage"},"thumbnailUrl":"https:\/\/playmarketshop.com\/wp-content\/uploads\/2021\/10\/go-two-compact-6.jpg","datePublished":"2021-10-22T12:48:20+00:00","dateModified":"2026-02-18T11:56:18+00:00","breadcrumb":{"@id":"https:\/\/playmarketshop.com\/fr\/product\/gotwocompact-fresh\/#breadcrumb"},"inLanguage":"fr-FR","potentialAction":[{"@type":"ReadAction","target":["https:\/\/playmarketshop.com\/fr\/product\/gotwocompact-fresh\/"]}]},{"@type":"ImageObject","inLanguage":"fr-FR","@id":"https:\/\/playmarketshop.com\/fr\/product\/gotwocompact-fresh\/#primaryimage","url":"https:\/\/playmarketshop.com\/wp-content\/uploads\/2021\/10\/go-two-compact-6.jpg","contentUrl":"https:\/\/playmarketshop.com\/wp-content\/uploads\/2021\/10\/go-two-compact-6.jpg","width":2300,"height":2500},{"@type":"BreadcrumbList","@id":"https:\/\/playmarketshop.com\/fr\/product\/gotwocompact-fresh\/#breadcrumb","itemListElement":[{"@type":"ListItem","position":1,"name":"Home","item":"https:\/\/playmarketshop.com\/fr\/"},{"@type":"ListItem","position":2,"name":"Boutique","item":"https:\/\/playmarketshop.com\/fr\/boutique\/"},{"@type":"ListItem","position":3,"name":"Go Two Compact &#8211; Fresh Collection"}]},{"@type":"WebSite","@id":"https:\/\/playmarketshop.com\/#website","url":"https:\/\/playmarketshop.com\/","name":"Playmarket","description":"Los mejores carro de la compra","potentialAction":[{"@type":"SearchAction","target":{"@type":"EntryPoint","urlTemplate":"https:\/\/playmarketshop.com\/?s={search_term_string}"},"query-input":{"@type":"PropertyValueSpecification","valueRequired":true,"valueName":"search_term_string"}}],"inLanguage":"fr-FR"}]}},"_links":{"self":[{"href":"https:\/\/playmarketshop.com\/fr\/wp-json\/wp\/v2\/product\/3235","targetHints":{"allow":["GET"]}}],"collection":[{"href":"https:\/\/playmarketshop.com\/fr\/wp-json\/wp\/v2\/product"}],"about":[{"href":"https:\/\/playmarketshop.com\/fr\/wp-json\/wp\/v2\/types\/product"}],"wp:featuredmedia":[{"embeddable":true,"href":"https:\/\/playmarketshop.com\/fr\/wp-json\/wp\/v2\/media\/10600"}],"wp:attachment":[{"href":"https:\/\/playmarketshop.com\/fr\/wp-json\/wp\/v2\/media?parent=3235"}],"wp:term":[{"taxonomy":"product_brand","embeddable":true,"href":"https:\/\/playmarketshop.com\/fr\/wp-json\/wp\/v2\/product_brand?post=3235"},{"taxonomy":"product_cat","embeddable":true,"href":"https:\/\/playmarketshop.com\/fr\/wp-json\/wp\/v2\/product_cat?post=3235"},{"taxonomy":"product_tag","embeddable":true,"href":"https:\/\/playmarketshop.com\/fr\/wp-json\/wp\/v2\/product_tag?post=3235"}],"curies":[{"name":"wp","href":"https:\/\/api.w.org\/{rel}","templated":true}]}}