{"id":3230,"date":"2021-10-22T12:51:13","date_gmt":"2021-10-22T12:51:13","guid":{"rendered":"https:\/\/playmarketshop.com\/product\/gofour-fresh\/"},"modified":"2026-04-08T12:43:14","modified_gmt":"2026-04-08T12:43:14","slug":"gofour-fresh","status":"publish","type":"product","link":"https:\/\/playmarketshop.com\/fr\/product\/gofour-fresh\/","title":{"rendered":"Go Four &#8211; Fresh Collection"},"content":{"rendered":"","protected":false},"excerpt":{"rendered":"<p>Du marchand de fruits et l\u00e9gumes \u00e0 la boulangerie, en passant par la poissonnerie, et sur le chemin du retour, prendre un verre \u00e0 l\u2019endroit de toujours. Faire ses courses est devenu l\u2019excuse parfaite pour fl\u00e2ner, se distraire et \u00e9changer avec nos commer\u00e7ants de confiance. Go Four vous permettra de parcourir les rues passantes de la ville et de visiter le moindre \u00e9tal du march\u00e9 en toute aisance. Il est l\u00e9ger et tr\u00e8s maniable. Il est \u00e9quip\u00e9 de 4 roues convertibles en 2, d\u2019une grande contenance et d\u2019un pliage compact id\u00e9al permettant de le ranger dans n\u2019importe quelle armoire.<\/p>\n","protected":false},"featured_media":11085,"template":"","meta":{"_acf_changed":false},"product_brand":[],"product_cat":[78],"product_tag":[],"class_list":{"0":"post-3230","1":"product","2":"type-product","3":"status-publish","4":"has-post-thumbnail","6":"product_cat-go-four-fr","8":"first","9":"instock","10":"taxable","11":"shipping-taxable","12":"purchasable","13":"product-type-variable"},"acf":[],"yoast_head":"<!-- This site is optimized with the Yoast SEO plugin v27.3 - https:\/\/yoast.com\/product\/yoast-seo-wordpress\/ -->\n<title>Go Four - Fresh Collection - Playmarket<\/title>\n<meta name=\"robots\" content=\"index, follow, max-snippet:-1, max-image-preview:large, max-video-preview:-1\" \/>\n<link rel=\"canonical\" href=\"https:\/\/playmarketshop.com\/fr\/product\/gofour-fresh\/\" \/>\n<meta property=\"og:locale\" content=\"fr_FR\" \/>\n<meta property=\"og:type\" content=\"article\" \/>\n<meta property=\"og:title\" content=\"Go Four - Fresh Collection - Playmarket\" \/>\n<meta property=\"og:description\" content=\"Du marchand de fruits et l\u00e9gumes \u00e0 la boulangerie, en passant par la poissonnerie, et sur le chemin du retour, prendre un verre \u00e0 l\u2019endroit de toujours. Faire ses courses est devenu l\u2019excuse parfaite pour fl\u00e2ner, se distraire et \u00e9changer avec nos commer\u00e7ants de confiance. Go Four vous permettra de parcourir les rues passantes de la ville et de visiter le moindre \u00e9tal du march\u00e9 en toute aisance. Il est l\u00e9ger et tr\u00e8s maniable. Il est \u00e9quip\u00e9 de 4 roues convertibles en 2, d\u2019une grande contenance et d\u2019un pliage compact id\u00e9al permettant de le ranger dans n\u2019importe quelle armoire.\" \/>\n<meta property=\"og:url\" content=\"https:\/\/playmarketshop.com\/fr\/product\/gofour-fresh\/\" \/>\n<meta property=\"og:site_name\" content=\"Playmarket\" \/>\n<meta property=\"article:modified_time\" content=\"2026-04-08T12:43:14+00:00\" \/>\n<meta property=\"og:image\" content=\"https:\/\/playmarketshop.com\/wp-content\/uploads\/2021\/10\/go-four-llis-vermell-perfil.jpg\" \/>\n\t<meta property=\"og:image:width\" content=\"2300\" \/>\n\t<meta property=\"og:image:height\" content=\"2500\" \/>\n\t<meta property=\"og:image:type\" content=\"image\/jpeg\" \/>\n<meta name=\"twitter:card\" content=\"summary_large_image\" \/>\n<script type=\"application\/ld+json\" class=\"yoast-schema-graph\">{\"@context\":\"https:\\\/\\\/schema.org\",\"@graph\":[{\"@type\":\"WebPage\",\"@id\":\"https:\\\/\\\/playmarketshop.com\\\/fr\\\/product\\\/gofour-fresh\\\/\",\"url\":\"https:\\\/\\\/playmarketshop.com\\\/fr\\\/product\\\/gofour-fresh\\\/\",\"name\":\"Go Four - Fresh Collection - Playmarket\",\"isPartOf\":{\"@id\":\"https:\\\/\\\/playmarketshop.com\\\/#website\"},\"primaryImageOfPage\":{\"@id\":\"https:\\\/\\\/playmarketshop.com\\\/fr\\\/product\\\/gofour-fresh\\\/#primaryimage\"},\"image\":{\"@id\":\"https:\\\/\\\/playmarketshop.com\\\/fr\\\/product\\\/gofour-fresh\\\/#primaryimage\"},\"thumbnailUrl\":\"https:\\\/\\\/playmarketshop.com\\\/wp-content\\\/uploads\\\/2021\\\/10\\\/go-four-bicolor-blau-perfil-1.jpg\",\"datePublished\":\"2021-10-22T12:51:13+00:00\",\"dateModified\":\"2026-04-08T12:43:14+00:00\",\"breadcrumb\":{\"@id\":\"https:\\\/\\\/playmarketshop.com\\\/fr\\\/product\\\/gofour-fresh\\\/#breadcrumb\"},\"inLanguage\":\"fr-FR\",\"potentialAction\":[{\"@type\":\"ReadAction\",\"target\":[\"https:\\\/\\\/playmarketshop.com\\\/fr\\\/product\\\/gofour-fresh\\\/\"]}]},{\"@type\":\"ImageObject\",\"inLanguage\":\"fr-FR\",\"@id\":\"https:\\\/\\\/playmarketshop.com\\\/fr\\\/product\\\/gofour-fresh\\\/#primaryimage\",\"url\":\"https:\\\/\\\/playmarketshop.com\\\/wp-content\\\/uploads\\\/2021\\\/10\\\/go-four-bicolor-blau-perfil-1.jpg\",\"contentUrl\":\"https:\\\/\\\/playmarketshop.com\\\/wp-content\\\/uploads\\\/2021\\\/10\\\/go-four-bicolor-blau-perfil-1.jpg\",\"width\":2300,\"height\":2500},{\"@type\":\"BreadcrumbList\",\"@id\":\"https:\\\/\\\/playmarketshop.com\\\/fr\\\/product\\\/gofour-fresh\\\/#breadcrumb\",\"itemListElement\":[{\"@type\":\"ListItem\",\"position\":1,\"name\":\"Home\",\"item\":\"https:\\\/\\\/playmarketshop.com\\\/fr\\\/\"},{\"@type\":\"ListItem\",\"position\":2,\"name\":\"Boutique\",\"item\":\"https:\\\/\\\/playmarketshop.com\\\/fr\\\/boutique\\\/\"},{\"@type\":\"ListItem\",\"position\":3,\"name\":\"Go Four &#8211; Fresh Collection\"}]},{\"@type\":\"WebSite\",\"@id\":\"https:\\\/\\\/playmarketshop.com\\\/#website\",\"url\":\"https:\\\/\\\/playmarketshop.com\\\/\",\"name\":\"Playmarket\",\"description\":\"Los mejores carro de la compra\",\"potentialAction\":[{\"@type\":\"SearchAction\",\"target\":{\"@type\":\"EntryPoint\",\"urlTemplate\":\"https:\\\/\\\/playmarketshop.com\\\/?s={search_term_string}\"},\"query-input\":{\"@type\":\"PropertyValueSpecification\",\"valueRequired\":true,\"valueName\":\"search_term_string\"}}],\"inLanguage\":\"fr-FR\"}]}<\/script>\n<!-- \/ Yoast SEO plugin. -->","yoast_head_json":{"title":"Go Four - Fresh Collection - Playmarket","robots":{"index":"index","follow":"follow","max-snippet":"max-snippet:-1","max-image-preview":"max-image-preview:large","max-video-preview":"max-video-preview:-1"},"canonical":"https:\/\/playmarketshop.com\/fr\/product\/gofour-fresh\/","og_locale":"fr_FR","og_type":"article","og_title":"Go Four - Fresh Collection - Playmarket","og_description":"Du marchand de fruits et l\u00e9gumes \u00e0 la boulangerie, en passant par la poissonnerie, et sur le chemin du retour, prendre un verre \u00e0 l\u2019endroit de toujours. Faire ses courses est devenu l\u2019excuse parfaite pour fl\u00e2ner, se distraire et \u00e9changer avec nos commer\u00e7ants de confiance. Go Four vous permettra de parcourir les rues passantes de la ville et de visiter le moindre \u00e9tal du march\u00e9 en toute aisance. Il est l\u00e9ger et tr\u00e8s maniable. Il est \u00e9quip\u00e9 de 4 roues convertibles en 2, d\u2019une grande contenance et d\u2019un pliage compact id\u00e9al permettant de le ranger dans n\u2019importe quelle armoire.","og_url":"https:\/\/playmarketshop.com\/fr\/product\/gofour-fresh\/","og_site_name":"Playmarket","article_modified_time":"2026-04-08T12:43:14+00:00","og_image":[{"width":2300,"height":2500,"url":"https:\/\/playmarketshop.com\/wp-content\/uploads\/2021\/10\/go-four-llis-vermell-perfil.jpg","type":"image\/jpeg"}],"twitter_card":"summary_large_image","schema":{"@context":"https:\/\/schema.org","@graph":[{"@type":"WebPage","@id":"https:\/\/playmarketshop.com\/fr\/product\/gofour-fresh\/","url":"https:\/\/playmarketshop.com\/fr\/product\/gofour-fresh\/","name":"Go Four - Fresh Collection - Playmarket","isPartOf":{"@id":"https:\/\/playmarketshop.com\/#website"},"primaryImageOfPage":{"@id":"https:\/\/playmarketshop.com\/fr\/product\/gofour-fresh\/#primaryimage"},"image":{"@id":"https:\/\/playmarketshop.com\/fr\/product\/gofour-fresh\/#primaryimage"},"thumbnailUrl":"https:\/\/playmarketshop.com\/wp-content\/uploads\/2021\/10\/go-four-bicolor-blau-perfil-1.jpg","datePublished":"2021-10-22T12:51:13+00:00","dateModified":"2026-04-08T12:43:14+00:00","breadcrumb":{"@id":"https:\/\/playmarketshop.com\/fr\/product\/gofour-fresh\/#breadcrumb"},"inLanguage":"fr-FR","potentialAction":[{"@type":"ReadAction","target":["https:\/\/playmarketshop.com\/fr\/product\/gofour-fresh\/"]}]},{"@type":"ImageObject","inLanguage":"fr-FR","@id":"https:\/\/playmarketshop.com\/fr\/product\/gofour-fresh\/#primaryimage","url":"https:\/\/playmarketshop.com\/wp-content\/uploads\/2021\/10\/go-four-bicolor-blau-perfil-1.jpg","contentUrl":"https:\/\/playmarketshop.com\/wp-content\/uploads\/2021\/10\/go-four-bicolor-blau-perfil-1.jpg","width":2300,"height":2500},{"@type":"BreadcrumbList","@id":"https:\/\/playmarketshop.com\/fr\/product\/gofour-fresh\/#breadcrumb","itemListElement":[{"@type":"ListItem","position":1,"name":"Home","item":"https:\/\/playmarketshop.com\/fr\/"},{"@type":"ListItem","position":2,"name":"Boutique","item":"https:\/\/playmarketshop.com\/fr\/boutique\/"},{"@type":"ListItem","position":3,"name":"Go Four &#8211; Fresh Collection"}]},{"@type":"WebSite","@id":"https:\/\/playmarketshop.com\/#website","url":"https:\/\/playmarketshop.com\/","name":"Playmarket","description":"Los mejores carro de la compra","potentialAction":[{"@type":"SearchAction","target":{"@type":"EntryPoint","urlTemplate":"https:\/\/playmarketshop.com\/?s={search_term_string}"},"query-input":{"@type":"PropertyValueSpecification","valueRequired":true,"valueName":"search_term_string"}}],"inLanguage":"fr-FR"}]}},"_links":{"self":[{"href":"https:\/\/playmarketshop.com\/fr\/wp-json\/wp\/v2\/product\/3230","targetHints":{"allow":["GET"]}}],"collection":[{"href":"https:\/\/playmarketshop.com\/fr\/wp-json\/wp\/v2\/product"}],"about":[{"href":"https:\/\/playmarketshop.com\/fr\/wp-json\/wp\/v2\/types\/product"}],"wp:featuredmedia":[{"embeddable":true,"href":"https:\/\/playmarketshop.com\/fr\/wp-json\/wp\/v2\/media\/11085"}],"wp:attachment":[{"href":"https:\/\/playmarketshop.com\/fr\/wp-json\/wp\/v2\/media?parent=3230"}],"wp:term":[{"taxonomy":"product_brand","embeddable":true,"href":"https:\/\/playmarketshop.com\/fr\/wp-json\/wp\/v2\/product_brand?post=3230"},{"taxonomy":"product_cat","embeddable":true,"href":"https:\/\/playmarketshop.com\/fr\/wp-json\/wp\/v2\/product_cat?post=3230"},{"taxonomy":"product_tag","embeddable":true,"href":"https:\/\/playmarketshop.com\/fr\/wp-json\/wp\/v2\/product_tag?post=3230"}],"curies":[{"name":"wp","href":"https:\/\/api.w.org\/{rel}","templated":true}]}}