{"id":3204,"date":"2022-08-02T11:43:58","date_gmt":"2022-08-02T11:43:58","guid":{"rendered":"https:\/\/playmarketshop.com\/product\/go-up-premium-collection\/"},"modified":"2026-03-30T22:32:47","modified_gmt":"2026-03-30T22:32:47","slug":"go-up-premium-collection","status":"publish","type":"product","link":"https:\/\/playmarketshop.com\/fr\/product\/go-up-premium-collection\/","title":{"rendered":"Go Up &#8211; Premium Collection"},"content":{"rendered":"","protected":false},"excerpt":{"rendered":"<p>Vous pouvez le choisir en deux ou quatre roues, selon ce qui vous semble le plus simple et le plus pratique, Go Up sera toujours \u00e0 la hauteur. Ses roues avant pivotantes vous m\u00e8neront l\u00e0 o\u00f9 vous voulez aller avec un minimum d\u2019effort et sans avoir \u00e0 le soulever ou \u00e0 le faire tourner inutilement. Et gr\u00e2ce \u00e0 son sac enti\u00e8rement amovible, vous pouvez profiter du ch\u00e2ssis pour d\u2019autres utilisations.<\/p>\n","protected":false},"featured_media":3990,"template":"","meta":{"_acf_changed":false},"product_brand":[],"product_cat":[39],"product_tag":[],"class_list":{"0":"post-3204","1":"product","2":"type-product","3":"status-publish","4":"has-post-thumbnail","6":"product_cat-go-up-fr","8":"first","9":"instock","10":"taxable","11":"shipping-taxable","12":"purchasable","13":"product-type-variable"},"acf":[],"yoast_head":"<!-- This site is optimized with the Yoast SEO plugin v27.3 - https:\/\/yoast.com\/product\/yoast-seo-wordpress\/ -->\n<title>Go Up - Premium Collection - Playmarket<\/title>\n<meta name=\"robots\" content=\"index, follow, max-snippet:-1, max-image-preview:large, max-video-preview:-1\" \/>\n<link rel=\"canonical\" href=\"https:\/\/playmarketshop.com\/fr\/product\/go-up-premium-collection\/\" \/>\n<meta property=\"og:locale\" content=\"fr_FR\" \/>\n<meta property=\"og:type\" content=\"article\" \/>\n<meta property=\"og:title\" content=\"Go Up - Premium Collection - Playmarket\" \/>\n<meta property=\"og:description\" content=\"Vous pouvez le choisir en deux ou quatre roues, selon ce qui vous semble le plus simple et le plus pratique, Go Up sera toujours \u00e0 la hauteur. Ses roues avant pivotantes vous m\u00e8neront l\u00e0 o\u00f9 vous voulez aller avec un minimum d\u2019effort et sans avoir \u00e0 le soulever ou \u00e0 le faire tourner inutilement. Et gr\u00e2ce \u00e0 son sac enti\u00e8rement amovible, vous pouvez profiter du ch\u00e2ssis pour d\u2019autres utilisations.\" \/>\n<meta property=\"og:url\" content=\"https:\/\/playmarketshop.com\/fr\/product\/go-up-premium-collection\/\" \/>\n<meta property=\"og:site_name\" content=\"Playmarket\" \/>\n<meta property=\"article:modified_time\" content=\"2026-03-30T22:32:47+00:00\" \/>\n<meta property=\"og:image\" content=\"https:\/\/playmarketshop.com\/wp-content\/uploads\/2022\/08\/go-up-vermell-perfil.jpg\" \/>\n\t<meta property=\"og:image:width\" content=\"2300\" \/>\n\t<meta property=\"og:image:height\" content=\"2500\" \/>\n\t<meta property=\"og:image:type\" content=\"image\/jpeg\" \/>\n<meta name=\"twitter:card\" content=\"summary_large_image\" \/>\n<script type=\"application\/ld+json\" class=\"yoast-schema-graph\">{\"@context\":\"https:\\\/\\\/schema.org\",\"@graph\":[{\"@type\":\"WebPage\",\"@id\":\"https:\\\/\\\/playmarketshop.com\\\/fr\\\/product\\\/go-up-premium-collection\\\/\",\"url\":\"https:\\\/\\\/playmarketshop.com\\\/fr\\\/product\\\/go-up-premium-collection\\\/\",\"name\":\"Go Up - Premium Collection - Playmarket\",\"isPartOf\":{\"@id\":\"https:\\\/\\\/playmarketshop.com\\\/#website\"},\"primaryImageOfPage\":{\"@id\":\"https:\\\/\\\/playmarketshop.com\\\/fr\\\/product\\\/go-up-premium-collection\\\/#primaryimage\"},\"image\":{\"@id\":\"https:\\\/\\\/playmarketshop.com\\\/fr\\\/product\\\/go-up-premium-collection\\\/#primaryimage\"},\"thumbnailUrl\":\"https:\\\/\\\/playmarketshop.com\\\/wp-content\\\/uploads\\\/2022\\\/08\\\/go-up-vermell-perfil.jpg\",\"datePublished\":\"2022-08-02T11:43:58+00:00\",\"dateModified\":\"2026-03-30T22:32:47+00:00\",\"breadcrumb\":{\"@id\":\"https:\\\/\\\/playmarketshop.com\\\/fr\\\/product\\\/go-up-premium-collection\\\/#breadcrumb\"},\"inLanguage\":\"fr-FR\",\"potentialAction\":[{\"@type\":\"ReadAction\",\"target\":[\"https:\\\/\\\/playmarketshop.com\\\/fr\\\/product\\\/go-up-premium-collection\\\/\"]}]},{\"@type\":\"ImageObject\",\"inLanguage\":\"fr-FR\",\"@id\":\"https:\\\/\\\/playmarketshop.com\\\/fr\\\/product\\\/go-up-premium-collection\\\/#primaryimage\",\"url\":\"https:\\\/\\\/playmarketshop.com\\\/wp-content\\\/uploads\\\/2022\\\/08\\\/go-up-vermell-perfil.jpg\",\"contentUrl\":\"https:\\\/\\\/playmarketshop.com\\\/wp-content\\\/uploads\\\/2022\\\/08\\\/go-up-vermell-perfil.jpg\",\"width\":2300,\"height\":2500},{\"@type\":\"BreadcrumbList\",\"@id\":\"https:\\\/\\\/playmarketshop.com\\\/fr\\\/product\\\/go-up-premium-collection\\\/#breadcrumb\",\"itemListElement\":[{\"@type\":\"ListItem\",\"position\":1,\"name\":\"Home\",\"item\":\"https:\\\/\\\/playmarketshop.com\\\/fr\\\/\"},{\"@type\":\"ListItem\",\"position\":2,\"name\":\"Boutique\",\"item\":\"https:\\\/\\\/playmarketshop.com\\\/fr\\\/boutique\\\/\"},{\"@type\":\"ListItem\",\"position\":3,\"name\":\"Go Up &#8211; Premium Collection\"}]},{\"@type\":\"WebSite\",\"@id\":\"https:\\\/\\\/playmarketshop.com\\\/#website\",\"url\":\"https:\\\/\\\/playmarketshop.com\\\/\",\"name\":\"Playmarket\",\"description\":\"Los mejores carro de la compra\",\"potentialAction\":[{\"@type\":\"SearchAction\",\"target\":{\"@type\":\"EntryPoint\",\"urlTemplate\":\"https:\\\/\\\/playmarketshop.com\\\/?s={search_term_string}\"},\"query-input\":{\"@type\":\"PropertyValueSpecification\",\"valueRequired\":true,\"valueName\":\"search_term_string\"}}],\"inLanguage\":\"fr-FR\"}]}<\/script>\n<!-- \/ Yoast SEO plugin. -->","yoast_head_json":{"title":"Go Up - Premium Collection - Playmarket","robots":{"index":"index","follow":"follow","max-snippet":"max-snippet:-1","max-image-preview":"max-image-preview:large","max-video-preview":"max-video-preview:-1"},"canonical":"https:\/\/playmarketshop.com\/fr\/product\/go-up-premium-collection\/","og_locale":"fr_FR","og_type":"article","og_title":"Go Up - Premium Collection - Playmarket","og_description":"Vous pouvez le choisir en deux ou quatre roues, selon ce qui vous semble le plus simple et le plus pratique, Go Up sera toujours \u00e0 la hauteur. Ses roues avant pivotantes vous m\u00e8neront l\u00e0 o\u00f9 vous voulez aller avec un minimum d\u2019effort et sans avoir \u00e0 le soulever ou \u00e0 le faire tourner inutilement. Et gr\u00e2ce \u00e0 son sac enti\u00e8rement amovible, vous pouvez profiter du ch\u00e2ssis pour d\u2019autres utilisations.","og_url":"https:\/\/playmarketshop.com\/fr\/product\/go-up-premium-collection\/","og_site_name":"Playmarket","article_modified_time":"2026-03-30T22:32:47+00:00","og_image":[{"width":2300,"height":2500,"url":"https:\/\/playmarketshop.com\/wp-content\/uploads\/2022\/08\/go-up-vermell-perfil.jpg","type":"image\/jpeg"}],"twitter_card":"summary_large_image","schema":{"@context":"https:\/\/schema.org","@graph":[{"@type":"WebPage","@id":"https:\/\/playmarketshop.com\/fr\/product\/go-up-premium-collection\/","url":"https:\/\/playmarketshop.com\/fr\/product\/go-up-premium-collection\/","name":"Go Up - Premium Collection - Playmarket","isPartOf":{"@id":"https:\/\/playmarketshop.com\/#website"},"primaryImageOfPage":{"@id":"https:\/\/playmarketshop.com\/fr\/product\/go-up-premium-collection\/#primaryimage"},"image":{"@id":"https:\/\/playmarketshop.com\/fr\/product\/go-up-premium-collection\/#primaryimage"},"thumbnailUrl":"https:\/\/playmarketshop.com\/wp-content\/uploads\/2022\/08\/go-up-vermell-perfil.jpg","datePublished":"2022-08-02T11:43:58+00:00","dateModified":"2026-03-30T22:32:47+00:00","breadcrumb":{"@id":"https:\/\/playmarketshop.com\/fr\/product\/go-up-premium-collection\/#breadcrumb"},"inLanguage":"fr-FR","potentialAction":[{"@type":"ReadAction","target":["https:\/\/playmarketshop.com\/fr\/product\/go-up-premium-collection\/"]}]},{"@type":"ImageObject","inLanguage":"fr-FR","@id":"https:\/\/playmarketshop.com\/fr\/product\/go-up-premium-collection\/#primaryimage","url":"https:\/\/playmarketshop.com\/wp-content\/uploads\/2022\/08\/go-up-vermell-perfil.jpg","contentUrl":"https:\/\/playmarketshop.com\/wp-content\/uploads\/2022\/08\/go-up-vermell-perfil.jpg","width":2300,"height":2500},{"@type":"BreadcrumbList","@id":"https:\/\/playmarketshop.com\/fr\/product\/go-up-premium-collection\/#breadcrumb","itemListElement":[{"@type":"ListItem","position":1,"name":"Home","item":"https:\/\/playmarketshop.com\/fr\/"},{"@type":"ListItem","position":2,"name":"Boutique","item":"https:\/\/playmarketshop.com\/fr\/boutique\/"},{"@type":"ListItem","position":3,"name":"Go Up &#8211; Premium Collection"}]},{"@type":"WebSite","@id":"https:\/\/playmarketshop.com\/#website","url":"https:\/\/playmarketshop.com\/","name":"Playmarket","description":"Los mejores carro de la compra","potentialAction":[{"@type":"SearchAction","target":{"@type":"EntryPoint","urlTemplate":"https:\/\/playmarketshop.com\/?s={search_term_string}"},"query-input":{"@type":"PropertyValueSpecification","valueRequired":true,"valueName":"search_term_string"}}],"inLanguage":"fr-FR"}]}},"_links":{"self":[{"href":"https:\/\/playmarketshop.com\/fr\/wp-json\/wp\/v2\/product\/3204","targetHints":{"allow":["GET"]}}],"collection":[{"href":"https:\/\/playmarketshop.com\/fr\/wp-json\/wp\/v2\/product"}],"about":[{"href":"https:\/\/playmarketshop.com\/fr\/wp-json\/wp\/v2\/types\/product"}],"wp:featuredmedia":[{"embeddable":true,"href":"https:\/\/playmarketshop.com\/fr\/wp-json\/wp\/v2\/media\/3990"}],"wp:attachment":[{"href":"https:\/\/playmarketshop.com\/fr\/wp-json\/wp\/v2\/media?parent=3204"}],"wp:term":[{"taxonomy":"product_brand","embeddable":true,"href":"https:\/\/playmarketshop.com\/fr\/wp-json\/wp\/v2\/product_brand?post=3204"},{"taxonomy":"product_cat","embeddable":true,"href":"https:\/\/playmarketshop.com\/fr\/wp-json\/wp\/v2\/product_cat?post=3204"},{"taxonomy":"product_tag","embeddable":true,"href":"https:\/\/playmarketshop.com\/fr\/wp-json\/wp\/v2\/product_tag?post=3204"}],"curies":[{"name":"wp","href":"https:\/\/api.w.org\/{rel}","templated":true}]}}