{"id":4728,"date":"2022-11-29T10:26:50","date_gmt":"2022-11-29T10:26:50","guid":{"rendered":"https:\/\/playmarketshop.com\/product\/easygo\/"},"modified":"2025-02-25T13:37:48","modified_gmt":"2025-02-25T13:37:48","slug":"easygo","status":"publish","type":"product","link":"https:\/\/playmarketshop.com\/de\/product\/easygo\/","title":{"rendered":"Easy Go &#8211; Fresh Collection"},"content":{"rendered":"","protected":false},"excerpt":{"rendered":"<p>Ganz gleich, ob du zu Fu\u00df gehst oder den Wagen nehmen musst, Easy Go macht es dir leicht. Seine innovative abnehmbare Tasche erlaubt es, sie unabh\u00e4ngig zu verwenden f\u00fcr alle m\u00f6glichen Zwecke.\u00a0Mit einem einzigen Handgriff kannst du die Tasche abnehmen, um sie im Kofferraum zu verstauen oder um den Einkauf nach Hause zu tragen bei minimalem Platzbedarf. Dank seines einzigartigen Designs ist Easy Go dein Verb\u00fcndeter f\u00fcr jegliche Art von Besorgungen, einfach und bequem.<\/p>\n<p>&nbsp;<\/p>\n<p>&nbsp;<\/p>\n","protected":false},"featured_media":8572,"template":"","meta":{"_acf_changed":false},"product_brand":[],"product_cat":[218],"product_tag":[],"class_list":{"0":"post-4728","1":"product","2":"type-product","3":"status-publish","4":"has-post-thumbnail","6":"product_cat-easy-go-de","8":"first","9":"instock","10":"taxable","11":"shipping-taxable","12":"purchasable","13":"product-type-variable"},"acf":[],"yoast_head":"<!-- This site is optimized with the Yoast SEO plugin v27.3 - https:\/\/yoast.com\/product\/yoast-seo-wordpress\/ -->\n<title>Easy Go - Fresh Collection - Playmarket<\/title>\n<meta name=\"description\" content=\"Tanto si vas a pie como si necesitas coger el coche, Easy Go te lo pone f\u00e1cil. Su innovadora bolsa de quita y pon te permite darle un sinf\u00edn de usos.\" \/>\n<meta name=\"robots\" content=\"index, follow, max-snippet:-1, max-image-preview:large, max-video-preview:-1\" \/>\n<link rel=\"canonical\" href=\"https:\/\/playmarketshop.com\/de\/product\/easygo\/\" \/>\n<meta property=\"og:locale\" content=\"de_DE\" \/>\n<meta property=\"og:type\" content=\"article\" \/>\n<meta property=\"og:title\" content=\"Easy Go - Fresh Collection - Playmarket\" \/>\n<meta property=\"og:description\" content=\"Tanto si vas a pie como si necesitas coger el coche, Easy Go te lo pone f\u00e1cil. Su innovadora bolsa de quita y pon te permite darle un sinf\u00edn de usos.\" \/>\n<meta property=\"og:url\" content=\"https:\/\/playmarketshop.com\/de\/product\/easygo\/\" \/>\n<meta property=\"og:site_name\" content=\"Playmarket\" \/>\n<meta property=\"article:modified_time\" content=\"2025-02-25T13:37:48+00:00\" \/>\n<meta property=\"og:image\" content=\"https:\/\/playmarketshop.com\/wp-content\/uploads\/2022\/11\/24966-easy-go-786-perfil.jpg\" \/>\n\t<meta property=\"og:image:width\" content=\"2300\" \/>\n\t<meta property=\"og:image:height\" content=\"2500\" \/>\n\t<meta property=\"og:image:type\" content=\"image\/jpeg\" \/>\n<meta name=\"twitter:card\" content=\"summary_large_image\" \/>\n<script type=\"application\/ld+json\" class=\"yoast-schema-graph\">{\"@context\":\"https:\\\/\\\/schema.org\",\"@graph\":[{\"@type\":\"WebPage\",\"@id\":\"https:\\\/\\\/playmarketshop.com\\\/de\\\/product\\\/easygo\\\/\",\"url\":\"https:\\\/\\\/playmarketshop.com\\\/de\\\/product\\\/easygo\\\/\",\"name\":\"Easy Go - Fresh Collection - Playmarket\",\"isPartOf\":{\"@id\":\"https:\\\/\\\/playmarketshop.com\\\/#website\"},\"primaryImageOfPage\":{\"@id\":\"https:\\\/\\\/playmarketshop.com\\\/de\\\/product\\\/easygo\\\/#primaryimage\"},\"image\":{\"@id\":\"https:\\\/\\\/playmarketshop.com\\\/de\\\/product\\\/easygo\\\/#primaryimage\"},\"thumbnailUrl\":\"https:\\\/\\\/playmarketshop.com\\\/wp-content\\\/uploads\\\/2022\\\/11\\\/24966-easy-go-786-perfil.jpg\",\"datePublished\":\"2022-11-29T10:26:50+00:00\",\"dateModified\":\"2025-02-25T13:37:48+00:00\",\"description\":\"Tanto si vas a pie como si necesitas coger el coche, Easy Go te lo pone f\u00e1cil. Su innovadora bolsa de quita y pon te permite darle un sinf\u00edn de usos.\",\"breadcrumb\":{\"@id\":\"https:\\\/\\\/playmarketshop.com\\\/de\\\/product\\\/easygo\\\/#breadcrumb\"},\"inLanguage\":\"de\",\"potentialAction\":[{\"@type\":\"ReadAction\",\"target\":[\"https:\\\/\\\/playmarketshop.com\\\/de\\\/product\\\/easygo\\\/\"]}]},{\"@type\":\"ImageObject\",\"inLanguage\":\"de\",\"@id\":\"https:\\\/\\\/playmarketshop.com\\\/de\\\/product\\\/easygo\\\/#primaryimage\",\"url\":\"https:\\\/\\\/playmarketshop.com\\\/wp-content\\\/uploads\\\/2022\\\/11\\\/24966-easy-go-786-perfil.jpg\",\"contentUrl\":\"https:\\\/\\\/playmarketshop.com\\\/wp-content\\\/uploads\\\/2022\\\/11\\\/24966-easy-go-786-perfil.jpg\",\"width\":2300,\"height\":2500},{\"@type\":\"BreadcrumbList\",\"@id\":\"https:\\\/\\\/playmarketshop.com\\\/de\\\/product\\\/easygo\\\/#breadcrumb\",\"itemListElement\":[{\"@type\":\"ListItem\",\"position\":1,\"name\":\"Home\",\"item\":\"https:\\\/\\\/playmarketshop.com\\\/de\\\/\"},{\"@type\":\"ListItem\",\"position\":2,\"name\":\"Shop\",\"item\":\"https:\\\/\\\/playmarketshop.com\\\/de\\\/shop-2\\\/\"},{\"@type\":\"ListItem\",\"position\":3,\"name\":\"Easy Go &#8211; Fresh Collection\"}]},{\"@type\":\"WebSite\",\"@id\":\"https:\\\/\\\/playmarketshop.com\\\/#website\",\"url\":\"https:\\\/\\\/playmarketshop.com\\\/\",\"name\":\"Playmarket\",\"description\":\"Los mejores carro de la compra\",\"potentialAction\":[{\"@type\":\"SearchAction\",\"target\":{\"@type\":\"EntryPoint\",\"urlTemplate\":\"https:\\\/\\\/playmarketshop.com\\\/?s={search_term_string}\"},\"query-input\":{\"@type\":\"PropertyValueSpecification\",\"valueRequired\":true,\"valueName\":\"search_term_string\"}}],\"inLanguage\":\"de\"}]}<\/script>\n<!-- \/ Yoast SEO plugin. -->","yoast_head_json":{"title":"Easy Go - Fresh Collection - Playmarket","description":"Tanto si vas a pie como si necesitas coger el coche, Easy Go te lo pone f\u00e1cil. Su innovadora bolsa de quita y pon te permite darle un sinf\u00edn de usos.","robots":{"index":"index","follow":"follow","max-snippet":"max-snippet:-1","max-image-preview":"max-image-preview:large","max-video-preview":"max-video-preview:-1"},"canonical":"https:\/\/playmarketshop.com\/de\/product\/easygo\/","og_locale":"de_DE","og_type":"article","og_title":"Easy Go - Fresh Collection - Playmarket","og_description":"Tanto si vas a pie como si necesitas coger el coche, Easy Go te lo pone f\u00e1cil. Su innovadora bolsa de quita y pon te permite darle un sinf\u00edn de usos.","og_url":"https:\/\/playmarketshop.com\/de\/product\/easygo\/","og_site_name":"Playmarket","article_modified_time":"2025-02-25T13:37:48+00:00","og_image":[{"width":2300,"height":2500,"url":"https:\/\/playmarketshop.com\/wp-content\/uploads\/2022\/11\/24966-easy-go-786-perfil.jpg","type":"image\/jpeg"}],"twitter_card":"summary_large_image","schema":{"@context":"https:\/\/schema.org","@graph":[{"@type":"WebPage","@id":"https:\/\/playmarketshop.com\/de\/product\/easygo\/","url":"https:\/\/playmarketshop.com\/de\/product\/easygo\/","name":"Easy Go - Fresh Collection - Playmarket","isPartOf":{"@id":"https:\/\/playmarketshop.com\/#website"},"primaryImageOfPage":{"@id":"https:\/\/playmarketshop.com\/de\/product\/easygo\/#primaryimage"},"image":{"@id":"https:\/\/playmarketshop.com\/de\/product\/easygo\/#primaryimage"},"thumbnailUrl":"https:\/\/playmarketshop.com\/wp-content\/uploads\/2022\/11\/24966-easy-go-786-perfil.jpg","datePublished":"2022-11-29T10:26:50+00:00","dateModified":"2025-02-25T13:37:48+00:00","description":"Tanto si vas a pie como si necesitas coger el coche, Easy Go te lo pone f\u00e1cil. Su innovadora bolsa de quita y pon te permite darle un sinf\u00edn de usos.","breadcrumb":{"@id":"https:\/\/playmarketshop.com\/de\/product\/easygo\/#breadcrumb"},"inLanguage":"de","potentialAction":[{"@type":"ReadAction","target":["https:\/\/playmarketshop.com\/de\/product\/easygo\/"]}]},{"@type":"ImageObject","inLanguage":"de","@id":"https:\/\/playmarketshop.com\/de\/product\/easygo\/#primaryimage","url":"https:\/\/playmarketshop.com\/wp-content\/uploads\/2022\/11\/24966-easy-go-786-perfil.jpg","contentUrl":"https:\/\/playmarketshop.com\/wp-content\/uploads\/2022\/11\/24966-easy-go-786-perfil.jpg","width":2300,"height":2500},{"@type":"BreadcrumbList","@id":"https:\/\/playmarketshop.com\/de\/product\/easygo\/#breadcrumb","itemListElement":[{"@type":"ListItem","position":1,"name":"Home","item":"https:\/\/playmarketshop.com\/de\/"},{"@type":"ListItem","position":2,"name":"Shop","item":"https:\/\/playmarketshop.com\/de\/shop-2\/"},{"@type":"ListItem","position":3,"name":"Easy Go &#8211; Fresh Collection"}]},{"@type":"WebSite","@id":"https:\/\/playmarketshop.com\/#website","url":"https:\/\/playmarketshop.com\/","name":"Playmarket","description":"Los mejores carro de la compra","potentialAction":[{"@type":"SearchAction","target":{"@type":"EntryPoint","urlTemplate":"https:\/\/playmarketshop.com\/?s={search_term_string}"},"query-input":{"@type":"PropertyValueSpecification","valueRequired":true,"valueName":"search_term_string"}}],"inLanguage":"de"}]}},"_links":{"self":[{"href":"https:\/\/playmarketshop.com\/de\/wp-json\/wp\/v2\/product\/4728","targetHints":{"allow":["GET"]}}],"collection":[{"href":"https:\/\/playmarketshop.com\/de\/wp-json\/wp\/v2\/product"}],"about":[{"href":"https:\/\/playmarketshop.com\/de\/wp-json\/wp\/v2\/types\/product"}],"wp:featuredmedia":[{"embeddable":true,"href":"https:\/\/playmarketshop.com\/de\/wp-json\/wp\/v2\/media\/8572"}],"wp:attachment":[{"href":"https:\/\/playmarketshop.com\/de\/wp-json\/wp\/v2\/media?parent=4728"}],"wp:term":[{"taxonomy":"product_brand","embeddable":true,"href":"https:\/\/playmarketshop.com\/de\/wp-json\/wp\/v2\/product_brand?post=4728"},{"taxonomy":"product_cat","embeddable":true,"href":"https:\/\/playmarketshop.com\/de\/wp-json\/wp\/v2\/product_cat?post=4728"},{"taxonomy":"product_tag","embeddable":true,"href":"https:\/\/playmarketshop.com\/de\/wp-json\/wp\/v2\/product_tag?post=4728"}],"curies":[{"name":"wp","href":"https:\/\/api.w.org\/{rel}","templated":true}]}}