{"id":4087,"date":"2022-09-08T11:26:26","date_gmt":"2022-09-08T11:26:32","guid":{"rendered":"https:\/\/playmarketshop.com\/?post_type=product&#038;p=4087"},"modified":"2022-09-08T11:35:06","modified_gmt":"2022-09-08T11:35:06","slug":"playcare-original-collection","status":"publish","type":"product","link":"https:\/\/playmarketshop.com\/de\/product\/playcare-original-collection\/","title":{"rendered":"Playcare &#8211; Original Collection"},"content":{"rendered":"","protected":false},"excerpt":{"rendered":"<p>Das Ergebnis der Erfahrung und des <em>know how <\/em>von Playcare, eine innovative Produktpalette, kreiert, um das t\u00e4gliche Leben des Seniors zu erleichtern, indem sie ihm die Unanh\u00e4ngigkeit und den Komfort bietet, den er braucht, um den Einkauf ohne Anstrengung durchzuf\u00fchren. Der neue Playcare Trolley verf\u00fcgt \u00fcber einen ergonomischen h\u00f6henverstellbaren Handgriff, der \u00a0gro\u00dfe Stabilit\u00e4t bietet und es dem Nutzer erlaubt, sich sicher und bequem darauf zu st\u00fctzen.<\/p>\n<p>Au\u00dferdem wurde das Design so konzipiert, dass die Beweglichkeit beim Gehen erleichtert wird, ohne dass das Gehen behindert wird. Gedacht um die Erfordernisse eines Seniorpublikums zu erf\u00fcllen, verf\u00fcgt der Playcare Trolley \u00fcber eine Tasche mit zwei Ebenen, wobei die obere Ebene leicht zug\u00e4nglich ist und das Ein- und Auspacken ohne B\u00fccken erm\u00f6glicht. Auch ist die untere Ebene zug\u00e4nglich durch einen Rei\u00dfverschluss. Um \u00fcber die gesamte Kapazit\u00e4t des Trolleys zu verf\u00fcgen, muss man nur die obere Tasche herausziehen, die ebenfalls mit einem Roi\u00dfverschluss befestigt ist.<\/p>\n","protected":false},"featured_media":2563,"template":"","meta":{"_acf_changed":false},"product_brand":[],"product_cat":[167],"product_tag":[],"class_list":{"0":"post-4087","1":"product","2":"type-product","3":"status-publish","4":"has-post-thumbnail","6":"product_cat-playcare-de","8":"first","9":"instock","10":"taxable","11":"shipping-taxable","12":"purchasable","13":"product-type-variable"},"acf":[],"yoast_head":"<!-- This site is optimized with the Yoast SEO plugin v27.3 - https:\/\/yoast.com\/product\/yoast-seo-wordpress\/ -->\n<title>Playcare - Original Collection - Playmarket<\/title>\n<meta name=\"robots\" content=\"index, follow, max-snippet:-1, max-image-preview:large, max-video-preview:-1\" \/>\n<link rel=\"canonical\" href=\"https:\/\/playmarketshop.com\/de\/product\/playcare-original-collection\/\" \/>\n<meta property=\"og:locale\" content=\"de_DE\" \/>\n<meta property=\"og:type\" content=\"article\" \/>\n<meta property=\"og:title\" content=\"Playcare - Original Collection - Playmarket\" \/>\n<meta property=\"og:description\" content=\"Das Ergebnis der Erfahrung und des know how von Playcare, eine innovative Produktpalette, kreiert, um das t\u00e4gliche Leben des Seniors zu erleichtern, indem sie ihm die Unanh\u00e4ngigkeit und den Komfort bietet, den er braucht, um den Einkauf ohne Anstrengung durchzuf\u00fchren. Der neue Playcare Trolley verf\u00fcgt \u00fcber einen ergonomischen h\u00f6henverstellbaren Handgriff, der \u00a0gro\u00dfe Stabilit\u00e4t bietet und es dem Nutzer erlaubt, sich sicher und bequem darauf zu st\u00fctzen.  Au\u00dferdem wurde das Design so konzipiert, dass die Beweglichkeit beim Gehen erleichtert wird, ohne dass das Gehen behindert wird. Gedacht um die Erfordernisse eines Seniorpublikums zu erf\u00fcllen, verf\u00fcgt der Playcare Trolley \u00fcber eine Tasche mit zwei Ebenen, wobei die obere Ebene leicht zug\u00e4nglich ist und das Ein- und Auspacken ohne B\u00fccken erm\u00f6glicht. Auch ist die untere Ebene zug\u00e4nglich durch einen Rei\u00dfverschluss. Um \u00fcber die gesamte Kapazit\u00e4t des Trolleys zu verf\u00fcgen, muss man nur die obere Tasche herausziehen, die ebenfalls mit einem Roi\u00dfverschluss befestigt ist.\" \/>\n<meta property=\"og:url\" content=\"https:\/\/playmarketshop.com\/de\/product\/playcare-original-collection\/\" \/>\n<meta property=\"og:site_name\" content=\"Playmarket\" \/>\n<meta property=\"article:modified_time\" content=\"2022-09-08T11:35:06+00:00\" \/>\n<meta property=\"og:image\" content=\"https:\/\/playmarketshop.com\/wp-content\/uploads\/2022\/05\/playcare-perfil-gris.jpg\" \/>\n\t<meta property=\"og:image:width\" content=\"2300\" \/>\n\t<meta property=\"og:image:height\" content=\"2500\" \/>\n\t<meta property=\"og:image:type\" content=\"image\/jpeg\" \/>\n<meta name=\"twitter:card\" content=\"summary_large_image\" \/>\n<script type=\"application\/ld+json\" class=\"yoast-schema-graph\">{\"@context\":\"https:\\\/\\\/schema.org\",\"@graph\":[{\"@type\":\"WebPage\",\"@id\":\"https:\\\/\\\/playmarketshop.com\\\/de\\\/product\\\/playcare-original-collection\\\/\",\"url\":\"https:\\\/\\\/playmarketshop.com\\\/de\\\/product\\\/playcare-original-collection\\\/\",\"name\":\"Playcare - Original Collection - Playmarket\",\"isPartOf\":{\"@id\":\"https:\\\/\\\/playmarketshop.com\\\/#website\"},\"primaryImageOfPage\":{\"@id\":\"https:\\\/\\\/playmarketshop.com\\\/de\\\/product\\\/playcare-original-collection\\\/#primaryimage\"},\"image\":{\"@id\":\"https:\\\/\\\/playmarketshop.com\\\/de\\\/product\\\/playcare-original-collection\\\/#primaryimage\"},\"thumbnailUrl\":\"https:\\\/\\\/playmarketshop.com\\\/wp-content\\\/uploads\\\/2022\\\/05\\\/playcare-perfil-gris.jpg\",\"datePublished\":\"2022-09-08T11:26:32+00:00\",\"dateModified\":\"2022-09-08T11:35:06+00:00\",\"breadcrumb\":{\"@id\":\"https:\\\/\\\/playmarketshop.com\\\/de\\\/product\\\/playcare-original-collection\\\/#breadcrumb\"},\"inLanguage\":\"de\",\"potentialAction\":[{\"@type\":\"ReadAction\",\"target\":[\"https:\\\/\\\/playmarketshop.com\\\/de\\\/product\\\/playcare-original-collection\\\/\"]}]},{\"@type\":\"ImageObject\",\"inLanguage\":\"de\",\"@id\":\"https:\\\/\\\/playmarketshop.com\\\/de\\\/product\\\/playcare-original-collection\\\/#primaryimage\",\"url\":\"https:\\\/\\\/playmarketshop.com\\\/wp-content\\\/uploads\\\/2022\\\/05\\\/playcare-perfil-gris.jpg\",\"contentUrl\":\"https:\\\/\\\/playmarketshop.com\\\/wp-content\\\/uploads\\\/2022\\\/05\\\/playcare-perfil-gris.jpg\",\"width\":2300,\"height\":2500},{\"@type\":\"BreadcrumbList\",\"@id\":\"https:\\\/\\\/playmarketshop.com\\\/de\\\/product\\\/playcare-original-collection\\\/#breadcrumb\",\"itemListElement\":[{\"@type\":\"ListItem\",\"position\":1,\"name\":\"Home\",\"item\":\"https:\\\/\\\/playmarketshop.com\\\/de\\\/\"},{\"@type\":\"ListItem\",\"position\":2,\"name\":\"Shop\",\"item\":\"https:\\\/\\\/playmarketshop.com\\\/de\\\/shop-2\\\/\"},{\"@type\":\"ListItem\",\"position\":3,\"name\":\"Playcare &#8211; Original Collection\"}]},{\"@type\":\"WebSite\",\"@id\":\"https:\\\/\\\/playmarketshop.com\\\/#website\",\"url\":\"https:\\\/\\\/playmarketshop.com\\\/\",\"name\":\"Playmarket\",\"description\":\"Los mejores carro de la compra\",\"potentialAction\":[{\"@type\":\"SearchAction\",\"target\":{\"@type\":\"EntryPoint\",\"urlTemplate\":\"https:\\\/\\\/playmarketshop.com\\\/?s={search_term_string}\"},\"query-input\":{\"@type\":\"PropertyValueSpecification\",\"valueRequired\":true,\"valueName\":\"search_term_string\"}}],\"inLanguage\":\"de\"}]}<\/script>\n<!-- \/ Yoast SEO plugin. -->","yoast_head_json":{"title":"Playcare - Original Collection - Playmarket","robots":{"index":"index","follow":"follow","max-snippet":"max-snippet:-1","max-image-preview":"max-image-preview:large","max-video-preview":"max-video-preview:-1"},"canonical":"https:\/\/playmarketshop.com\/de\/product\/playcare-original-collection\/","og_locale":"de_DE","og_type":"article","og_title":"Playcare - Original Collection - Playmarket","og_description":"Das Ergebnis der Erfahrung und des know how von Playcare, eine innovative Produktpalette, kreiert, um das t\u00e4gliche Leben des Seniors zu erleichtern, indem sie ihm die Unanh\u00e4ngigkeit und den Komfort bietet, den er braucht, um den Einkauf ohne Anstrengung durchzuf\u00fchren. Der neue Playcare Trolley verf\u00fcgt \u00fcber einen ergonomischen h\u00f6henverstellbaren Handgriff, der \u00a0gro\u00dfe Stabilit\u00e4t bietet und es dem Nutzer erlaubt, sich sicher und bequem darauf zu st\u00fctzen.  Au\u00dferdem wurde das Design so konzipiert, dass die Beweglichkeit beim Gehen erleichtert wird, ohne dass das Gehen behindert wird. Gedacht um die Erfordernisse eines Seniorpublikums zu erf\u00fcllen, verf\u00fcgt der Playcare Trolley \u00fcber eine Tasche mit zwei Ebenen, wobei die obere Ebene leicht zug\u00e4nglich ist und das Ein- und Auspacken ohne B\u00fccken erm\u00f6glicht. Auch ist die untere Ebene zug\u00e4nglich durch einen Rei\u00dfverschluss. Um \u00fcber die gesamte Kapazit\u00e4t des Trolleys zu verf\u00fcgen, muss man nur die obere Tasche herausziehen, die ebenfalls mit einem Roi\u00dfverschluss befestigt ist.","og_url":"https:\/\/playmarketshop.com\/de\/product\/playcare-original-collection\/","og_site_name":"Playmarket","article_modified_time":"2022-09-08T11:35:06+00:00","og_image":[{"width":2300,"height":2500,"url":"https:\/\/playmarketshop.com\/wp-content\/uploads\/2022\/05\/playcare-perfil-gris.jpg","type":"image\/jpeg"}],"twitter_card":"summary_large_image","schema":{"@context":"https:\/\/schema.org","@graph":[{"@type":"WebPage","@id":"https:\/\/playmarketshop.com\/de\/product\/playcare-original-collection\/","url":"https:\/\/playmarketshop.com\/de\/product\/playcare-original-collection\/","name":"Playcare - Original Collection - Playmarket","isPartOf":{"@id":"https:\/\/playmarketshop.com\/#website"},"primaryImageOfPage":{"@id":"https:\/\/playmarketshop.com\/de\/product\/playcare-original-collection\/#primaryimage"},"image":{"@id":"https:\/\/playmarketshop.com\/de\/product\/playcare-original-collection\/#primaryimage"},"thumbnailUrl":"https:\/\/playmarketshop.com\/wp-content\/uploads\/2022\/05\/playcare-perfil-gris.jpg","datePublished":"2022-09-08T11:26:32+00:00","dateModified":"2022-09-08T11:35:06+00:00","breadcrumb":{"@id":"https:\/\/playmarketshop.com\/de\/product\/playcare-original-collection\/#breadcrumb"},"inLanguage":"de","potentialAction":[{"@type":"ReadAction","target":["https:\/\/playmarketshop.com\/de\/product\/playcare-original-collection\/"]}]},{"@type":"ImageObject","inLanguage":"de","@id":"https:\/\/playmarketshop.com\/de\/product\/playcare-original-collection\/#primaryimage","url":"https:\/\/playmarketshop.com\/wp-content\/uploads\/2022\/05\/playcare-perfil-gris.jpg","contentUrl":"https:\/\/playmarketshop.com\/wp-content\/uploads\/2022\/05\/playcare-perfil-gris.jpg","width":2300,"height":2500},{"@type":"BreadcrumbList","@id":"https:\/\/playmarketshop.com\/de\/product\/playcare-original-collection\/#breadcrumb","itemListElement":[{"@type":"ListItem","position":1,"name":"Home","item":"https:\/\/playmarketshop.com\/de\/"},{"@type":"ListItem","position":2,"name":"Shop","item":"https:\/\/playmarketshop.com\/de\/shop-2\/"},{"@type":"ListItem","position":3,"name":"Playcare &#8211; Original Collection"}]},{"@type":"WebSite","@id":"https:\/\/playmarketshop.com\/#website","url":"https:\/\/playmarketshop.com\/","name":"Playmarket","description":"Los mejores carro de la compra","potentialAction":[{"@type":"SearchAction","target":{"@type":"EntryPoint","urlTemplate":"https:\/\/playmarketshop.com\/?s={search_term_string}"},"query-input":{"@type":"PropertyValueSpecification","valueRequired":true,"valueName":"search_term_string"}}],"inLanguage":"de"}]}},"_links":{"self":[{"href":"https:\/\/playmarketshop.com\/de\/wp-json\/wp\/v2\/product\/4087","targetHints":{"allow":["GET"]}}],"collection":[{"href":"https:\/\/playmarketshop.com\/de\/wp-json\/wp\/v2\/product"}],"about":[{"href":"https:\/\/playmarketshop.com\/de\/wp-json\/wp\/v2\/types\/product"}],"wp:featuredmedia":[{"embeddable":true,"href":"https:\/\/playmarketshop.com\/de\/wp-json\/wp\/v2\/media\/2563"}],"wp:attachment":[{"href":"https:\/\/playmarketshop.com\/de\/wp-json\/wp\/v2\/media?parent=4087"}],"wp:term":[{"taxonomy":"product_brand","embeddable":true,"href":"https:\/\/playmarketshop.com\/de\/wp-json\/wp\/v2\/product_brand?post=4087"},{"taxonomy":"product_cat","embeddable":true,"href":"https:\/\/playmarketshop.com\/de\/wp-json\/wp\/v2\/product_cat?post=4087"},{"taxonomy":"product_tag","embeddable":true,"href":"https:\/\/playmarketshop.com\/de\/wp-json\/wp\/v2\/product_tag?post=4087"}],"curies":[{"name":"wp","href":"https:\/\/api.w.org\/{rel}","templated":true}]}}