{"id":3319,"date":"2022-05-06T12:24:56","date_gmt":"2022-05-06T12:24:56","guid":{"rendered":"https:\/\/playmarketshop.com\/product\/pocket-premium\/"},"modified":"2025-11-20T11:27:19","modified_gmt":"2025-11-20T11:27:19","slug":"pocket-premium","status":"publish","type":"product","link":"https:\/\/playmarketshop.com\/de\/product\/pocket-premium\/","title":{"rendered":"Pocket &#8211; Premium Collection"},"content":{"rendered":"","protected":false},"excerpt":{"rendered":"<p>Der neue Trolley von Playmarket, mit dem du einkaufen gehen kannst, ist noch einfacher zu handhaben als zuvor. Sein innovatives Design verleiht ihm maximale Kapazit\u00e4t und Funktionalit\u00e4t bei minimalem Platzbedarf. F\u00fcr den t\u00e4glichen oder w\u00f6chentlichen Einkauf, um kleine oder gro\u00dfe Entfernungen zur\u00fcckzulegen; Pocket passt sich deiner Routine an, sodass das Einkaufen zum Kinderspiel wird.<\/p>\n","protected":false},"featured_media":1484,"template":"","meta":{"_acf_changed":false},"product_brand":[],"product_cat":[169],"product_tag":[],"class_list":{"0":"post-3319","1":"product","2":"type-product","3":"status-publish","4":"has-post-thumbnail","6":"product_cat-pocket-de","8":"first","9":"instock","10":"sale","11":"taxable","12":"shipping-taxable","13":"purchasable","14":"product-type-variable","15":"has-default-attributes"},"acf":[],"yoast_head":"<!-- This site is optimized with the Yoast SEO plugin v27.3 - https:\/\/yoast.com\/product\/yoast-seo-wordpress\/ -->\n<title>Pocket - Premium Collection - Playmarket<\/title>\n<meta name=\"robots\" content=\"index, follow, max-snippet:-1, max-image-preview:large, max-video-preview:-1\" \/>\n<link rel=\"canonical\" href=\"https:\/\/playmarketshop.com\/de\/product\/pocket-premium\/\" \/>\n<meta property=\"og:locale\" content=\"de_DE\" \/>\n<meta property=\"og:type\" content=\"article\" \/>\n<meta property=\"og:title\" content=\"Pocket - Premium Collection - Playmarket\" \/>\n<meta property=\"og:description\" content=\"Der neue Trolley von Playmarket, mit dem du einkaufen gehen kannst, ist noch einfacher zu handhaben als zuvor. Sein innovatives Design verleiht ihm maximale Kapazit\u00e4t und Funktionalit\u00e4t bei minimalem Platzbedarf. F\u00fcr den t\u00e4glichen oder w\u00f6chentlichen Einkauf, um kleine oder gro\u00dfe Entfernungen zur\u00fcckzulegen; Pocket passt sich deiner Routine an, sodass das Einkaufen zum Kinderspiel wird.\" \/>\n<meta property=\"og:url\" content=\"https:\/\/playmarketshop.com\/de\/product\/pocket-premium\/\" \/>\n<meta property=\"og:site_name\" content=\"Playmarket\" \/>\n<meta property=\"article:modified_time\" content=\"2025-11-20T11:27:19+00:00\" \/>\n<meta property=\"og:image\" content=\"https:\/\/playmarketshop.com\/wp-content\/uploads\/2022\/05\/pocket-blau-perfil.jpg\" \/>\n\t<meta property=\"og:image:width\" content=\"2300\" \/>\n\t<meta property=\"og:image:height\" content=\"2500\" \/>\n\t<meta property=\"og:image:type\" content=\"image\/jpeg\" \/>\n<meta name=\"twitter:card\" content=\"summary_large_image\" \/>\n<script type=\"application\/ld+json\" class=\"yoast-schema-graph\">{\"@context\":\"https:\\\/\\\/schema.org\",\"@graph\":[{\"@type\":\"WebPage\",\"@id\":\"https:\\\/\\\/playmarketshop.com\\\/de\\\/product\\\/pocket-premium\\\/\",\"url\":\"https:\\\/\\\/playmarketshop.com\\\/de\\\/product\\\/pocket-premium\\\/\",\"name\":\"Pocket - Premium Collection - Playmarket\",\"isPartOf\":{\"@id\":\"https:\\\/\\\/playmarketshop.com\\\/#website\"},\"primaryImageOfPage\":{\"@id\":\"https:\\\/\\\/playmarketshop.com\\\/de\\\/product\\\/pocket-premium\\\/#primaryimage\"},\"image\":{\"@id\":\"https:\\\/\\\/playmarketshop.com\\\/de\\\/product\\\/pocket-premium\\\/#primaryimage\"},\"thumbnailUrl\":\"https:\\\/\\\/playmarketshop.com\\\/wp-content\\\/uploads\\\/2022\\\/05\\\/pocket-blau-perfil.jpg\",\"datePublished\":\"2022-05-06T12:24:56+00:00\",\"dateModified\":\"2025-11-20T11:27:19+00:00\",\"breadcrumb\":{\"@id\":\"https:\\\/\\\/playmarketshop.com\\\/de\\\/product\\\/pocket-premium\\\/#breadcrumb\"},\"inLanguage\":\"de\",\"potentialAction\":[{\"@type\":\"ReadAction\",\"target\":[\"https:\\\/\\\/playmarketshop.com\\\/de\\\/product\\\/pocket-premium\\\/\"]}]},{\"@type\":\"ImageObject\",\"inLanguage\":\"de\",\"@id\":\"https:\\\/\\\/playmarketshop.com\\\/de\\\/product\\\/pocket-premium\\\/#primaryimage\",\"url\":\"https:\\\/\\\/playmarketshop.com\\\/wp-content\\\/uploads\\\/2022\\\/05\\\/pocket-blau-perfil.jpg\",\"contentUrl\":\"https:\\\/\\\/playmarketshop.com\\\/wp-content\\\/uploads\\\/2022\\\/05\\\/pocket-blau-perfil.jpg\",\"width\":2300,\"height\":2500},{\"@type\":\"BreadcrumbList\",\"@id\":\"https:\\\/\\\/playmarketshop.com\\\/de\\\/product\\\/pocket-premium\\\/#breadcrumb\",\"itemListElement\":[{\"@type\":\"ListItem\",\"position\":1,\"name\":\"Home\",\"item\":\"https:\\\/\\\/playmarketshop.com\\\/de\\\/\"},{\"@type\":\"ListItem\",\"position\":2,\"name\":\"Shop\",\"item\":\"https:\\\/\\\/playmarketshop.com\\\/de\\\/shop-2\\\/\"},{\"@type\":\"ListItem\",\"position\":3,\"name\":\"Pocket &#8211; Premium Collection\"}]},{\"@type\":\"WebSite\",\"@id\":\"https:\\\/\\\/playmarketshop.com\\\/#website\",\"url\":\"https:\\\/\\\/playmarketshop.com\\\/\",\"name\":\"Playmarket\",\"description\":\"Los mejores carro de la compra\",\"potentialAction\":[{\"@type\":\"SearchAction\",\"target\":{\"@type\":\"EntryPoint\",\"urlTemplate\":\"https:\\\/\\\/playmarketshop.com\\\/?s={search_term_string}\"},\"query-input\":{\"@type\":\"PropertyValueSpecification\",\"valueRequired\":true,\"valueName\":\"search_term_string\"}}],\"inLanguage\":\"de\"}]}<\/script>\n<!-- \/ Yoast SEO plugin. -->","yoast_head_json":{"title":"Pocket - Premium Collection - Playmarket","robots":{"index":"index","follow":"follow","max-snippet":"max-snippet:-1","max-image-preview":"max-image-preview:large","max-video-preview":"max-video-preview:-1"},"canonical":"https:\/\/playmarketshop.com\/de\/product\/pocket-premium\/","og_locale":"de_DE","og_type":"article","og_title":"Pocket - Premium Collection - Playmarket","og_description":"Der neue Trolley von Playmarket, mit dem du einkaufen gehen kannst, ist noch einfacher zu handhaben als zuvor. Sein innovatives Design verleiht ihm maximale Kapazit\u00e4t und Funktionalit\u00e4t bei minimalem Platzbedarf. F\u00fcr den t\u00e4glichen oder w\u00f6chentlichen Einkauf, um kleine oder gro\u00dfe Entfernungen zur\u00fcckzulegen; Pocket passt sich deiner Routine an, sodass das Einkaufen zum Kinderspiel wird.","og_url":"https:\/\/playmarketshop.com\/de\/product\/pocket-premium\/","og_site_name":"Playmarket","article_modified_time":"2025-11-20T11:27:19+00:00","og_image":[{"width":2300,"height":2500,"url":"https:\/\/playmarketshop.com\/wp-content\/uploads\/2022\/05\/pocket-blau-perfil.jpg","type":"image\/jpeg"}],"twitter_card":"summary_large_image","schema":{"@context":"https:\/\/schema.org","@graph":[{"@type":"WebPage","@id":"https:\/\/playmarketshop.com\/de\/product\/pocket-premium\/","url":"https:\/\/playmarketshop.com\/de\/product\/pocket-premium\/","name":"Pocket - Premium Collection - Playmarket","isPartOf":{"@id":"https:\/\/playmarketshop.com\/#website"},"primaryImageOfPage":{"@id":"https:\/\/playmarketshop.com\/de\/product\/pocket-premium\/#primaryimage"},"image":{"@id":"https:\/\/playmarketshop.com\/de\/product\/pocket-premium\/#primaryimage"},"thumbnailUrl":"https:\/\/playmarketshop.com\/wp-content\/uploads\/2022\/05\/pocket-blau-perfil.jpg","datePublished":"2022-05-06T12:24:56+00:00","dateModified":"2025-11-20T11:27:19+00:00","breadcrumb":{"@id":"https:\/\/playmarketshop.com\/de\/product\/pocket-premium\/#breadcrumb"},"inLanguage":"de","potentialAction":[{"@type":"ReadAction","target":["https:\/\/playmarketshop.com\/de\/product\/pocket-premium\/"]}]},{"@type":"ImageObject","inLanguage":"de","@id":"https:\/\/playmarketshop.com\/de\/product\/pocket-premium\/#primaryimage","url":"https:\/\/playmarketshop.com\/wp-content\/uploads\/2022\/05\/pocket-blau-perfil.jpg","contentUrl":"https:\/\/playmarketshop.com\/wp-content\/uploads\/2022\/05\/pocket-blau-perfil.jpg","width":2300,"height":2500},{"@type":"BreadcrumbList","@id":"https:\/\/playmarketshop.com\/de\/product\/pocket-premium\/#breadcrumb","itemListElement":[{"@type":"ListItem","position":1,"name":"Home","item":"https:\/\/playmarketshop.com\/de\/"},{"@type":"ListItem","position":2,"name":"Shop","item":"https:\/\/playmarketshop.com\/de\/shop-2\/"},{"@type":"ListItem","position":3,"name":"Pocket &#8211; Premium Collection"}]},{"@type":"WebSite","@id":"https:\/\/playmarketshop.com\/#website","url":"https:\/\/playmarketshop.com\/","name":"Playmarket","description":"Los mejores carro de la compra","potentialAction":[{"@type":"SearchAction","target":{"@type":"EntryPoint","urlTemplate":"https:\/\/playmarketshop.com\/?s={search_term_string}"},"query-input":{"@type":"PropertyValueSpecification","valueRequired":true,"valueName":"search_term_string"}}],"inLanguage":"de"}]}},"_links":{"self":[{"href":"https:\/\/playmarketshop.com\/de\/wp-json\/wp\/v2\/product\/3319","targetHints":{"allow":["GET"]}}],"collection":[{"href":"https:\/\/playmarketshop.com\/de\/wp-json\/wp\/v2\/product"}],"about":[{"href":"https:\/\/playmarketshop.com\/de\/wp-json\/wp\/v2\/types\/product"}],"wp:featuredmedia":[{"embeddable":true,"href":"https:\/\/playmarketshop.com\/de\/wp-json\/wp\/v2\/media\/1484"}],"wp:attachment":[{"href":"https:\/\/playmarketshop.com\/de\/wp-json\/wp\/v2\/media?parent=3319"}],"wp:term":[{"taxonomy":"product_brand","embeddable":true,"href":"https:\/\/playmarketshop.com\/de\/wp-json\/wp\/v2\/product_brand?post=3319"},{"taxonomy":"product_cat","embeddable":true,"href":"https:\/\/playmarketshop.com\/de\/wp-json\/wp\/v2\/product_cat?post=3319"},{"taxonomy":"product_tag","embeddable":true,"href":"https:\/\/playmarketshop.com\/de\/wp-json\/wp\/v2\/product_tag?post=3319"}],"curies":[{"name":"wp","href":"https:\/\/api.w.org\/{rel}","templated":true}]}}