{"id":3314,"date":"2021-10-22T12:48:20","date_gmt":"2021-10-22T12:48:20","guid":{"rendered":"https:\/\/playmarketshop.com\/product\/gotwocompact-fresh\/"},"modified":"2026-02-18T12:00:05","modified_gmt":"2026-02-18T12:00:05","slug":"gotwocompact-fresh","status":"publish","type":"product","link":"https:\/\/playmarketshop.com\/de\/product\/gotwocompact-fresh\/","title":{"rendered":"Go Two Compact &#8211; Fresh Collection"},"content":{"rendered":"","protected":false},"excerpt":{"rendered":"<p>Go Two Compact ist der Trolley mit\u00a0 zwei R\u00e4dern. Ideal um ihn zu jedem Ort mitzunehmen. Leicht und beweglich \u00fcberrascht er mit hoher Stabilit\u00e4t und Tragf\u00e4higkeit. Und wenn du ihn nicht ben\u00f6tigst, kannst du ihn an jedem Ort lagern dank des innovativen ultrakompakten Zusammenlklappens, und dank seiner komplett abnehmbaren Tasche kannst du den Rahmen auch f\u00fcr andere Zwecke verwenden.<\/p>\n","protected":false},"featured_media":10598,"template":"","meta":{"_acf_changed":false},"product_brand":[],"product_cat":[47],"product_tag":[],"class_list":{"0":"post-3314","1":"product","2":"type-product","3":"status-publish","4":"has-post-thumbnail","6":"product_cat-go-two-compact-de","8":"first","9":"instock","10":"taxable","11":"shipping-taxable","12":"purchasable","13":"product-type-variable"},"acf":[],"yoast_head":"<!-- This site is optimized with the Yoast SEO plugin v27.3 - https:\/\/yoast.com\/product\/yoast-seo-wordpress\/ -->\n<title>Go Two Compact - Fresh Collection - Playmarket<\/title>\n<meta name=\"robots\" content=\"index, follow, max-snippet:-1, max-image-preview:large, max-video-preview:-1\" \/>\n<link rel=\"canonical\" href=\"https:\/\/playmarketshop.com\/de\/product\/gotwocompact-fresh\/\" \/>\n<meta property=\"og:locale\" content=\"de_DE\" \/>\n<meta property=\"og:type\" content=\"article\" \/>\n<meta property=\"og:title\" content=\"Go Two Compact - Fresh Collection - Playmarket\" \/>\n<meta property=\"og:description\" content=\"Go Two Compact ist der Trolley mit\u00a0 zwei R\u00e4dern. Ideal um ihn zu jedem Ort mitzunehmen. Leicht und beweglich \u00fcberrascht er mit hoher Stabilit\u00e4t und Tragf\u00e4higkeit. Und wenn du ihn nicht ben\u00f6tigst, kannst du ihn an jedem Ort lagern dank des innovativen ultrakompakten Zusammenlklappens, und dank seiner komplett abnehmbaren Tasche kannst du den Rahmen auch f\u00fcr andere Zwecke verwenden.\" \/>\n<meta property=\"og:url\" content=\"https:\/\/playmarketshop.com\/de\/product\/gotwocompact-fresh\/\" \/>\n<meta property=\"og:site_name\" content=\"Playmarket\" \/>\n<meta property=\"article:modified_time\" content=\"2026-02-18T12:00:05+00:00\" \/>\n<meta property=\"og:image\" content=\"https:\/\/playmarketshop.com\/wp-content\/uploads\/2021\/10\/go-two-compact-6.jpg\" \/>\n\t<meta property=\"og:image:width\" content=\"2300\" \/>\n\t<meta property=\"og:image:height\" content=\"2500\" \/>\n\t<meta property=\"og:image:type\" content=\"image\/jpeg\" \/>\n<meta name=\"twitter:card\" content=\"summary_large_image\" \/>\n<script type=\"application\/ld+json\" class=\"yoast-schema-graph\">{\"@context\":\"https:\\\/\\\/schema.org\",\"@graph\":[{\"@type\":\"WebPage\",\"@id\":\"https:\\\/\\\/playmarketshop.com\\\/de\\\/product\\\/gotwocompact-fresh\\\/\",\"url\":\"https:\\\/\\\/playmarketshop.com\\\/de\\\/product\\\/gotwocompact-fresh\\\/\",\"name\":\"Go Two Compact - Fresh Collection - Playmarket\",\"isPartOf\":{\"@id\":\"https:\\\/\\\/playmarketshop.com\\\/#website\"},\"primaryImageOfPage\":{\"@id\":\"https:\\\/\\\/playmarketshop.com\\\/de\\\/product\\\/gotwocompact-fresh\\\/#primaryimage\"},\"image\":{\"@id\":\"https:\\\/\\\/playmarketshop.com\\\/de\\\/product\\\/gotwocompact-fresh\\\/#primaryimage\"},\"thumbnailUrl\":\"https:\\\/\\\/playmarketshop.com\\\/wp-content\\\/uploads\\\/2021\\\/10\\\/go-two-compact-6.jpg\",\"datePublished\":\"2021-10-22T12:48:20+00:00\",\"dateModified\":\"2026-02-18T12:00:05+00:00\",\"breadcrumb\":{\"@id\":\"https:\\\/\\\/playmarketshop.com\\\/de\\\/product\\\/gotwocompact-fresh\\\/#breadcrumb\"},\"inLanguage\":\"de\",\"potentialAction\":[{\"@type\":\"ReadAction\",\"target\":[\"https:\\\/\\\/playmarketshop.com\\\/de\\\/product\\\/gotwocompact-fresh\\\/\"]}]},{\"@type\":\"ImageObject\",\"inLanguage\":\"de\",\"@id\":\"https:\\\/\\\/playmarketshop.com\\\/de\\\/product\\\/gotwocompact-fresh\\\/#primaryimage\",\"url\":\"https:\\\/\\\/playmarketshop.com\\\/wp-content\\\/uploads\\\/2021\\\/10\\\/go-two-compact-6.jpg\",\"contentUrl\":\"https:\\\/\\\/playmarketshop.com\\\/wp-content\\\/uploads\\\/2021\\\/10\\\/go-two-compact-6.jpg\",\"width\":2300,\"height\":2500},{\"@type\":\"BreadcrumbList\",\"@id\":\"https:\\\/\\\/playmarketshop.com\\\/de\\\/product\\\/gotwocompact-fresh\\\/#breadcrumb\",\"itemListElement\":[{\"@type\":\"ListItem\",\"position\":1,\"name\":\"Home\",\"item\":\"https:\\\/\\\/playmarketshop.com\\\/de\\\/\"},{\"@type\":\"ListItem\",\"position\":2,\"name\":\"Shop\",\"item\":\"https:\\\/\\\/playmarketshop.com\\\/de\\\/shop-2\\\/\"},{\"@type\":\"ListItem\",\"position\":3,\"name\":\"Go Two Compact &#8211; Fresh Collection\"}]},{\"@type\":\"WebSite\",\"@id\":\"https:\\\/\\\/playmarketshop.com\\\/#website\",\"url\":\"https:\\\/\\\/playmarketshop.com\\\/\",\"name\":\"Playmarket\",\"description\":\"Los mejores carro de la compra\",\"potentialAction\":[{\"@type\":\"SearchAction\",\"target\":{\"@type\":\"EntryPoint\",\"urlTemplate\":\"https:\\\/\\\/playmarketshop.com\\\/?s={search_term_string}\"},\"query-input\":{\"@type\":\"PropertyValueSpecification\",\"valueRequired\":true,\"valueName\":\"search_term_string\"}}],\"inLanguage\":\"de\"}]}<\/script>\n<!-- \/ Yoast SEO plugin. -->","yoast_head_json":{"title":"Go Two Compact - Fresh Collection - Playmarket","robots":{"index":"index","follow":"follow","max-snippet":"max-snippet:-1","max-image-preview":"max-image-preview:large","max-video-preview":"max-video-preview:-1"},"canonical":"https:\/\/playmarketshop.com\/de\/product\/gotwocompact-fresh\/","og_locale":"de_DE","og_type":"article","og_title":"Go Two Compact - Fresh Collection - Playmarket","og_description":"Go Two Compact ist der Trolley mit\u00a0 zwei R\u00e4dern. Ideal um ihn zu jedem Ort mitzunehmen. Leicht und beweglich \u00fcberrascht er mit hoher Stabilit\u00e4t und Tragf\u00e4higkeit. Und wenn du ihn nicht ben\u00f6tigst, kannst du ihn an jedem Ort lagern dank des innovativen ultrakompakten Zusammenlklappens, und dank seiner komplett abnehmbaren Tasche kannst du den Rahmen auch f\u00fcr andere Zwecke verwenden.","og_url":"https:\/\/playmarketshop.com\/de\/product\/gotwocompact-fresh\/","og_site_name":"Playmarket","article_modified_time":"2026-02-18T12:00:05+00:00","og_image":[{"width":2300,"height":2500,"url":"https:\/\/playmarketshop.com\/wp-content\/uploads\/2021\/10\/go-two-compact-6.jpg","type":"image\/jpeg"}],"twitter_card":"summary_large_image","schema":{"@context":"https:\/\/schema.org","@graph":[{"@type":"WebPage","@id":"https:\/\/playmarketshop.com\/de\/product\/gotwocompact-fresh\/","url":"https:\/\/playmarketshop.com\/de\/product\/gotwocompact-fresh\/","name":"Go Two Compact - Fresh Collection - Playmarket","isPartOf":{"@id":"https:\/\/playmarketshop.com\/#website"},"primaryImageOfPage":{"@id":"https:\/\/playmarketshop.com\/de\/product\/gotwocompact-fresh\/#primaryimage"},"image":{"@id":"https:\/\/playmarketshop.com\/de\/product\/gotwocompact-fresh\/#primaryimage"},"thumbnailUrl":"https:\/\/playmarketshop.com\/wp-content\/uploads\/2021\/10\/go-two-compact-6.jpg","datePublished":"2021-10-22T12:48:20+00:00","dateModified":"2026-02-18T12:00:05+00:00","breadcrumb":{"@id":"https:\/\/playmarketshop.com\/de\/product\/gotwocompact-fresh\/#breadcrumb"},"inLanguage":"de","potentialAction":[{"@type":"ReadAction","target":["https:\/\/playmarketshop.com\/de\/product\/gotwocompact-fresh\/"]}]},{"@type":"ImageObject","inLanguage":"de","@id":"https:\/\/playmarketshop.com\/de\/product\/gotwocompact-fresh\/#primaryimage","url":"https:\/\/playmarketshop.com\/wp-content\/uploads\/2021\/10\/go-two-compact-6.jpg","contentUrl":"https:\/\/playmarketshop.com\/wp-content\/uploads\/2021\/10\/go-two-compact-6.jpg","width":2300,"height":2500},{"@type":"BreadcrumbList","@id":"https:\/\/playmarketshop.com\/de\/product\/gotwocompact-fresh\/#breadcrumb","itemListElement":[{"@type":"ListItem","position":1,"name":"Home","item":"https:\/\/playmarketshop.com\/de\/"},{"@type":"ListItem","position":2,"name":"Shop","item":"https:\/\/playmarketshop.com\/de\/shop-2\/"},{"@type":"ListItem","position":3,"name":"Go Two Compact &#8211; Fresh Collection"}]},{"@type":"WebSite","@id":"https:\/\/playmarketshop.com\/#website","url":"https:\/\/playmarketshop.com\/","name":"Playmarket","description":"Los mejores carro de la compra","potentialAction":[{"@type":"SearchAction","target":{"@type":"EntryPoint","urlTemplate":"https:\/\/playmarketshop.com\/?s={search_term_string}"},"query-input":{"@type":"PropertyValueSpecification","valueRequired":true,"valueName":"search_term_string"}}],"inLanguage":"de"}]}},"_links":{"self":[{"href":"https:\/\/playmarketshop.com\/de\/wp-json\/wp\/v2\/product\/3314","targetHints":{"allow":["GET"]}}],"collection":[{"href":"https:\/\/playmarketshop.com\/de\/wp-json\/wp\/v2\/product"}],"about":[{"href":"https:\/\/playmarketshop.com\/de\/wp-json\/wp\/v2\/types\/product"}],"wp:featuredmedia":[{"embeddable":true,"href":"https:\/\/playmarketshop.com\/de\/wp-json\/wp\/v2\/media\/10598"}],"wp:attachment":[{"href":"https:\/\/playmarketshop.com\/de\/wp-json\/wp\/v2\/media?parent=3314"}],"wp:term":[{"taxonomy":"product_brand","embeddable":true,"href":"https:\/\/playmarketshop.com\/de\/wp-json\/wp\/v2\/product_brand?post=3314"},{"taxonomy":"product_cat","embeddable":true,"href":"https:\/\/playmarketshop.com\/de\/wp-json\/wp\/v2\/product_cat?post=3314"},{"taxonomy":"product_tag","embeddable":true,"href":"https:\/\/playmarketshop.com\/de\/wp-json\/wp\/v2\/product_tag?post=3314"}],"curies":[{"name":"wp","href":"https:\/\/api.w.org\/{rel}","templated":true}]}}