{"id":3309,"date":"2021-10-22T12:51:13","date_gmt":"2021-10-22T12:51:13","guid":{"rendered":"https:\/\/playmarketshop.com\/product\/gofour-fresh\/"},"modified":"2026-03-16T11:45:44","modified_gmt":"2026-03-16T11:45:44","slug":"gofour-fresh","status":"publish","type":"product","link":"https:\/\/playmarketshop.com\/de\/product\/gofour-fresh\/","title":{"rendered":"Go Four &#8211; Fresh Collection"},"content":{"rendered":"","protected":false},"excerpt":{"rendered":"<p>Vom Obstgesch\u00e4ft zum B\u00e4cker, in den Fischladen, und auf dem Heimweg einen Apperitiv nehmen, wo immer du willst. Das Einkaufen ist die perfekte Ausrede um spazieren zu gehen, sich zu zerstreuen, bei unseren vertrauten H\u00e4ndlern vorbeizuschauken. Go Four erm\u00f6glicht es dir, mit gr\u00f6\u00dfter Bequemlichkeit durch die belebten Stra\u00dfen der Stadt zu laufen bis zum Besuch des letzten Marktstandes. Der Trolley ist leicht und superbeweglich. Er hat 4 R\u00e4der, die zu 2 umgebaut werden k\u00f6nnen, gro\u00dfe Tragekapazait\u00e4t und kann perfekt kompakt zusammengeklappt werden, um ihn in jedem Schrank zu verstauen.<\/p>\n","protected":false},"featured_media":11083,"template":"","meta":{"_acf_changed":false},"product_brand":[],"product_cat":[77],"product_tag":[],"class_list":{"0":"post-3309","1":"product","2":"type-product","3":"status-publish","4":"has-post-thumbnail","6":"product_cat-go-four-de","8":"first","9":"instock","10":"taxable","11":"shipping-taxable","12":"purchasable","13":"product-type-variable"},"acf":[],"yoast_head":"<!-- This site is optimized with the Yoast SEO plugin v27.1 - https:\/\/yoast.com\/product\/yoast-seo-wordpress\/ -->\n<title>Go Four - Fresh Collection - Playmarket<\/title>\n<meta name=\"robots\" content=\"index, follow, max-snippet:-1, max-image-preview:large, max-video-preview:-1\" \/>\n<link rel=\"canonical\" href=\"https:\/\/playmarketshop.com\/de\/product\/gofour-fresh\/\" \/>\n<meta property=\"og:locale\" content=\"de_DE\" \/>\n<meta property=\"og:type\" content=\"article\" \/>\n<meta property=\"og:title\" content=\"Go Four - Fresh Collection - Playmarket\" \/>\n<meta property=\"og:description\" content=\"Vom Obstgesch\u00e4ft zum B\u00e4cker, in den Fischladen, und auf dem Heimweg einen Apperitiv nehmen, wo immer du willst. Das Einkaufen ist die perfekte Ausrede um spazieren zu gehen, sich zu zerstreuen, bei unseren vertrauten H\u00e4ndlern vorbeizuschauken. Go Four erm\u00f6glicht es dir, mit gr\u00f6\u00dfter Bequemlichkeit durch die belebten Stra\u00dfen der Stadt zu laufen bis zum Besuch des letzten Marktstandes. Der Trolley ist leicht und superbeweglich. Er hat 4 R\u00e4der, die zu 2 umgebaut werden k\u00f6nnen, gro\u00dfe Tragekapazait\u00e4t und kann perfekt kompakt zusammengeklappt werden, um ihn in jedem Schrank zu verstauen.\" \/>\n<meta property=\"og:url\" content=\"https:\/\/playmarketshop.com\/de\/product\/gofour-fresh\/\" \/>\n<meta property=\"og:site_name\" content=\"Playmarket\" \/>\n<meta property=\"article:modified_time\" content=\"2026-03-16T11:45:44+00:00\" \/>\n<meta property=\"og:image\" content=\"https:\/\/playmarketshop.com\/wp-content\/uploads\/2021\/10\/go-four-llis-vermell-perfil.jpg\" \/>\n\t<meta property=\"og:image:width\" content=\"2300\" \/>\n\t<meta property=\"og:image:height\" content=\"2500\" \/>\n\t<meta property=\"og:image:type\" content=\"image\/jpeg\" \/>\n<meta name=\"twitter:card\" content=\"summary_large_image\" \/>\n<script type=\"application\/ld+json\" class=\"yoast-schema-graph\">{\"@context\":\"https:\/\/schema.org\",\"@graph\":[{\"@type\":\"WebPage\",\"@id\":\"https:\/\/playmarketshop.com\/de\/product\/gofour-fresh\/\",\"url\":\"https:\/\/playmarketshop.com\/de\/product\/gofour-fresh\/\",\"name\":\"Go Four - Fresh Collection - Playmarket\",\"isPartOf\":{\"@id\":\"https:\/\/playmarketshop.com\/#website\"},\"primaryImageOfPage\":{\"@id\":\"https:\/\/playmarketshop.com\/de\/product\/gofour-fresh\/#primaryimage\"},\"image\":{\"@id\":\"https:\/\/playmarketshop.com\/de\/product\/gofour-fresh\/#primaryimage\"},\"thumbnailUrl\":\"https:\/\/playmarketshop.com\/wp-content\/uploads\/2021\/10\/go-four-bicolor-blau-perfil-1.jpg\",\"datePublished\":\"2021-10-22T12:51:13+00:00\",\"dateModified\":\"2026-03-16T11:45:44+00:00\",\"breadcrumb\":{\"@id\":\"https:\/\/playmarketshop.com\/de\/product\/gofour-fresh\/#breadcrumb\"},\"inLanguage\":\"de\",\"potentialAction\":[{\"@type\":\"ReadAction\",\"target\":[\"https:\/\/playmarketshop.com\/de\/product\/gofour-fresh\/\"]}]},{\"@type\":\"ImageObject\",\"inLanguage\":\"de\",\"@id\":\"https:\/\/playmarketshop.com\/de\/product\/gofour-fresh\/#primaryimage\",\"url\":\"https:\/\/playmarketshop.com\/wp-content\/uploads\/2021\/10\/go-four-bicolor-blau-perfil-1.jpg\",\"contentUrl\":\"https:\/\/playmarketshop.com\/wp-content\/uploads\/2021\/10\/go-four-bicolor-blau-perfil-1.jpg\",\"width\":2300,\"height\":2500},{\"@type\":\"BreadcrumbList\",\"@id\":\"https:\/\/playmarketshop.com\/de\/product\/gofour-fresh\/#breadcrumb\",\"itemListElement\":[{\"@type\":\"ListItem\",\"position\":1,\"name\":\"Home\",\"item\":\"https:\/\/playmarketshop.com\/de\/\"},{\"@type\":\"ListItem\",\"position\":2,\"name\":\"Shop\",\"item\":\"https:\/\/playmarketshop.com\/de\/shop-2\/\"},{\"@type\":\"ListItem\",\"position\":3,\"name\":\"Go Four &#8211; Fresh Collection\"}]},{\"@type\":\"WebSite\",\"@id\":\"https:\/\/playmarketshop.com\/#website\",\"url\":\"https:\/\/playmarketshop.com\/\",\"name\":\"Playmarket\",\"description\":\"Los mejores carro de la compra\",\"potentialAction\":[{\"@type\":\"SearchAction\",\"target\":{\"@type\":\"EntryPoint\",\"urlTemplate\":\"https:\/\/playmarketshop.com\/?s={search_term_string}\"},\"query-input\":{\"@type\":\"PropertyValueSpecification\",\"valueRequired\":true,\"valueName\":\"search_term_string\"}}],\"inLanguage\":\"de\"}]}<\/script>\n<!-- \/ Yoast SEO plugin. -->","yoast_head_json":{"title":"Go Four - Fresh Collection - Playmarket","robots":{"index":"index","follow":"follow","max-snippet":"max-snippet:-1","max-image-preview":"max-image-preview:large","max-video-preview":"max-video-preview:-1"},"canonical":"https:\/\/playmarketshop.com\/de\/product\/gofour-fresh\/","og_locale":"de_DE","og_type":"article","og_title":"Go Four - Fresh Collection - Playmarket","og_description":"Vom Obstgesch\u00e4ft zum B\u00e4cker, in den Fischladen, und auf dem Heimweg einen Apperitiv nehmen, wo immer du willst. Das Einkaufen ist die perfekte Ausrede um spazieren zu gehen, sich zu zerstreuen, bei unseren vertrauten H\u00e4ndlern vorbeizuschauken. Go Four erm\u00f6glicht es dir, mit gr\u00f6\u00dfter Bequemlichkeit durch die belebten Stra\u00dfen der Stadt zu laufen bis zum Besuch des letzten Marktstandes. Der Trolley ist leicht und superbeweglich. Er hat 4 R\u00e4der, die zu 2 umgebaut werden k\u00f6nnen, gro\u00dfe Tragekapazait\u00e4t und kann perfekt kompakt zusammengeklappt werden, um ihn in jedem Schrank zu verstauen.","og_url":"https:\/\/playmarketshop.com\/de\/product\/gofour-fresh\/","og_site_name":"Playmarket","article_modified_time":"2026-03-16T11:45:44+00:00","og_image":[{"width":2300,"height":2500,"url":"https:\/\/playmarketshop.com\/wp-content\/uploads\/2021\/10\/go-four-llis-vermell-perfil.jpg","type":"image\/jpeg"}],"twitter_card":"summary_large_image","schema":{"@context":"https:\/\/schema.org","@graph":[{"@type":"WebPage","@id":"https:\/\/playmarketshop.com\/de\/product\/gofour-fresh\/","url":"https:\/\/playmarketshop.com\/de\/product\/gofour-fresh\/","name":"Go Four - Fresh Collection - Playmarket","isPartOf":{"@id":"https:\/\/playmarketshop.com\/#website"},"primaryImageOfPage":{"@id":"https:\/\/playmarketshop.com\/de\/product\/gofour-fresh\/#primaryimage"},"image":{"@id":"https:\/\/playmarketshop.com\/de\/product\/gofour-fresh\/#primaryimage"},"thumbnailUrl":"https:\/\/playmarketshop.com\/wp-content\/uploads\/2021\/10\/go-four-bicolor-blau-perfil-1.jpg","datePublished":"2021-10-22T12:51:13+00:00","dateModified":"2026-03-16T11:45:44+00:00","breadcrumb":{"@id":"https:\/\/playmarketshop.com\/de\/product\/gofour-fresh\/#breadcrumb"},"inLanguage":"de","potentialAction":[{"@type":"ReadAction","target":["https:\/\/playmarketshop.com\/de\/product\/gofour-fresh\/"]}]},{"@type":"ImageObject","inLanguage":"de","@id":"https:\/\/playmarketshop.com\/de\/product\/gofour-fresh\/#primaryimage","url":"https:\/\/playmarketshop.com\/wp-content\/uploads\/2021\/10\/go-four-bicolor-blau-perfil-1.jpg","contentUrl":"https:\/\/playmarketshop.com\/wp-content\/uploads\/2021\/10\/go-four-bicolor-blau-perfil-1.jpg","width":2300,"height":2500},{"@type":"BreadcrumbList","@id":"https:\/\/playmarketshop.com\/de\/product\/gofour-fresh\/#breadcrumb","itemListElement":[{"@type":"ListItem","position":1,"name":"Home","item":"https:\/\/playmarketshop.com\/de\/"},{"@type":"ListItem","position":2,"name":"Shop","item":"https:\/\/playmarketshop.com\/de\/shop-2\/"},{"@type":"ListItem","position":3,"name":"Go Four &#8211; Fresh Collection"}]},{"@type":"WebSite","@id":"https:\/\/playmarketshop.com\/#website","url":"https:\/\/playmarketshop.com\/","name":"Playmarket","description":"Los mejores carro de la compra","potentialAction":[{"@type":"SearchAction","target":{"@type":"EntryPoint","urlTemplate":"https:\/\/playmarketshop.com\/?s={search_term_string}"},"query-input":{"@type":"PropertyValueSpecification","valueRequired":true,"valueName":"search_term_string"}}],"inLanguage":"de"}]}},"_links":{"self":[{"href":"https:\/\/playmarketshop.com\/de\/wp-json\/wp\/v2\/product\/3309","targetHints":{"allow":["GET"]}}],"collection":[{"href":"https:\/\/playmarketshop.com\/de\/wp-json\/wp\/v2\/product"}],"about":[{"href":"https:\/\/playmarketshop.com\/de\/wp-json\/wp\/v2\/types\/product"}],"wp:featuredmedia":[{"embeddable":true,"href":"https:\/\/playmarketshop.com\/de\/wp-json\/wp\/v2\/media\/11083"}],"wp:attachment":[{"href":"https:\/\/playmarketshop.com\/de\/wp-json\/wp\/v2\/media?parent=3309"}],"wp:term":[{"taxonomy":"product_brand","embeddable":true,"href":"https:\/\/playmarketshop.com\/de\/wp-json\/wp\/v2\/product_brand?post=3309"},{"taxonomy":"product_cat","embeddable":true,"href":"https:\/\/playmarketshop.com\/de\/wp-json\/wp\/v2\/product_cat?post=3309"},{"taxonomy":"product_tag","embeddable":true,"href":"https:\/\/playmarketshop.com\/de\/wp-json\/wp\/v2\/product_tag?post=3309"}],"curies":[{"name":"wp","href":"https:\/\/api.w.org\/{rel}","templated":true}]}}