{"id":3302,"date":"2021-10-22T12:42:29","date_gmt":"2021-10-22T12:42:29","guid":{"rendered":"https:\/\/playmarketshop.com\/product\/goplus-premium\/"},"modified":"2026-04-22T19:41:52","modified_gmt":"2026-04-22T19:41:52","slug":"goplus-premium","status":"publish","type":"product","link":"https:\/\/playmarketshop.com\/de\/product\/goplus-premium\/","title":{"rendered":"Go Plus &#8211; Premium Collection"},"content":{"rendered":"","protected":false},"excerpt":{"rendered":"<p>Go Plus bietet gr\u00f6\u00dfere Lastkapazitt ohne Beeintr\u00e4chtigung der Bequemichkeit und der leichten Verwendung. Sein neues Design mit doppeltem Verschluss verleiht ihm einen sehr modernen Stil, und seine komplett abnehmbare Tasche erlaubt es, den Rahmen f\u00fcr andere Zwecke zu verwenden.<\/p>\n","protected":false},"featured_media":5994,"template":"","meta":{"_acf_changed":false},"product_brand":[],"product_cat":[44],"product_tag":[],"class_list":{"0":"post-3302","1":"product","2":"type-product","3":"status-publish","4":"has-post-thumbnail","6":"product_cat-go-plus-de","8":"first","9":"outofstock","10":"taxable","11":"shipping-taxable","12":"purchasable","13":"product-type-variable"},"acf":[],"yoast_head":"<!-- This site is optimized with the Yoast SEO plugin v27.3 - https:\/\/yoast.com\/product\/yoast-seo-wordpress\/ -->\n<title>Go Plus - Premium Collection - Playmarket<\/title>\n<meta name=\"robots\" content=\"index, follow, max-snippet:-1, max-image-preview:large, max-video-preview:-1\" \/>\n<link rel=\"canonical\" href=\"https:\/\/playmarketshop.com\/de\/product\/goplus-premium\/\" \/>\n<meta property=\"og:locale\" content=\"de_DE\" \/>\n<meta property=\"og:type\" content=\"article\" \/>\n<meta property=\"og:title\" content=\"Go Plus - Premium Collection - Playmarket\" \/>\n<meta property=\"og:description\" content=\"Go Plus bietet gr\u00f6\u00dfere Lastkapazitt ohne Beeintr\u00e4chtigung der Bequemichkeit und der leichten Verwendung. Sein neues Design mit doppeltem Verschluss verleiht ihm einen sehr modernen Stil, und seine komplett abnehmbare Tasche erlaubt es, den Rahmen f\u00fcr andere Zwecke zu verwenden.\" \/>\n<meta property=\"og:url\" content=\"https:\/\/playmarketshop.com\/de\/product\/goplus-premium\/\" \/>\n<meta property=\"og:site_name\" content=\"Playmarket\" \/>\n<meta property=\"article:modified_time\" content=\"2026-04-22T19:41:52+00:00\" \/>\n<meta property=\"og:image\" content=\"https:\/\/playmarketshop.com\/wp-content\/uploads\/2021\/10\/go-plus-perfil-olive.jpg\" \/>\n\t<meta property=\"og:image:width\" content=\"2300\" \/>\n\t<meta property=\"og:image:height\" content=\"2500\" \/>\n\t<meta property=\"og:image:type\" content=\"image\/jpeg\" \/>\n<meta name=\"twitter:card\" content=\"summary_large_image\" \/>\n<script type=\"application\/ld+json\" class=\"yoast-schema-graph\">{\"@context\":\"https:\\\/\\\/schema.org\",\"@graph\":[{\"@type\":\"WebPage\",\"@id\":\"https:\\\/\\\/playmarketshop.com\\\/de\\\/product\\\/goplus-premium\\\/\",\"url\":\"https:\\\/\\\/playmarketshop.com\\\/de\\\/product\\\/goplus-premium\\\/\",\"name\":\"Go Plus - Premium Collection - Playmarket\",\"isPartOf\":{\"@id\":\"https:\\\/\\\/playmarketshop.com\\\/#website\"},\"primaryImageOfPage\":{\"@id\":\"https:\\\/\\\/playmarketshop.com\\\/de\\\/product\\\/goplus-premium\\\/#primaryimage\"},\"image\":{\"@id\":\"https:\\\/\\\/playmarketshop.com\\\/de\\\/product\\\/goplus-premium\\\/#primaryimage\"},\"thumbnailUrl\":\"https:\\\/\\\/playmarketshop.com\\\/wp-content\\\/uploads\\\/2021\\\/10\\\/go-plus-perfil-olive.jpg\",\"datePublished\":\"2021-10-22T12:42:29+00:00\",\"dateModified\":\"2026-04-22T19:41:52+00:00\",\"breadcrumb\":{\"@id\":\"https:\\\/\\\/playmarketshop.com\\\/de\\\/product\\\/goplus-premium\\\/#breadcrumb\"},\"inLanguage\":\"de\",\"potentialAction\":[{\"@type\":\"ReadAction\",\"target\":[\"https:\\\/\\\/playmarketshop.com\\\/de\\\/product\\\/goplus-premium\\\/\"]}]},{\"@type\":\"ImageObject\",\"inLanguage\":\"de\",\"@id\":\"https:\\\/\\\/playmarketshop.com\\\/de\\\/product\\\/goplus-premium\\\/#primaryimage\",\"url\":\"https:\\\/\\\/playmarketshop.com\\\/wp-content\\\/uploads\\\/2021\\\/10\\\/go-plus-perfil-olive.jpg\",\"contentUrl\":\"https:\\\/\\\/playmarketshop.com\\\/wp-content\\\/uploads\\\/2021\\\/10\\\/go-plus-perfil-olive.jpg\",\"width\":2300,\"height\":2500},{\"@type\":\"BreadcrumbList\",\"@id\":\"https:\\\/\\\/playmarketshop.com\\\/de\\\/product\\\/goplus-premium\\\/#breadcrumb\",\"itemListElement\":[{\"@type\":\"ListItem\",\"position\":1,\"name\":\"Home\",\"item\":\"https:\\\/\\\/playmarketshop.com\\\/de\\\/\"},{\"@type\":\"ListItem\",\"position\":2,\"name\":\"Shop\",\"item\":\"https:\\\/\\\/playmarketshop.com\\\/de\\\/shop-2\\\/\"},{\"@type\":\"ListItem\",\"position\":3,\"name\":\"Go Plus &#8211; Premium Collection\"}]},{\"@type\":\"WebSite\",\"@id\":\"https:\\\/\\\/playmarketshop.com\\\/#website\",\"url\":\"https:\\\/\\\/playmarketshop.com\\\/\",\"name\":\"Playmarket\",\"description\":\"Los mejores carro de la compra\",\"potentialAction\":[{\"@type\":\"SearchAction\",\"target\":{\"@type\":\"EntryPoint\",\"urlTemplate\":\"https:\\\/\\\/playmarketshop.com\\\/?s={search_term_string}\"},\"query-input\":{\"@type\":\"PropertyValueSpecification\",\"valueRequired\":true,\"valueName\":\"search_term_string\"}}],\"inLanguage\":\"de\"}]}<\/script>\n<!-- \/ Yoast SEO plugin. -->","yoast_head_json":{"title":"Go Plus - Premium Collection - Playmarket","robots":{"index":"index","follow":"follow","max-snippet":"max-snippet:-1","max-image-preview":"max-image-preview:large","max-video-preview":"max-video-preview:-1"},"canonical":"https:\/\/playmarketshop.com\/de\/product\/goplus-premium\/","og_locale":"de_DE","og_type":"article","og_title":"Go Plus - Premium Collection - Playmarket","og_description":"Go Plus bietet gr\u00f6\u00dfere Lastkapazitt ohne Beeintr\u00e4chtigung der Bequemichkeit und der leichten Verwendung. Sein neues Design mit doppeltem Verschluss verleiht ihm einen sehr modernen Stil, und seine komplett abnehmbare Tasche erlaubt es, den Rahmen f\u00fcr andere Zwecke zu verwenden.","og_url":"https:\/\/playmarketshop.com\/de\/product\/goplus-premium\/","og_site_name":"Playmarket","article_modified_time":"2026-04-22T19:41:52+00:00","og_image":[{"width":2300,"height":2500,"url":"https:\/\/playmarketshop.com\/wp-content\/uploads\/2021\/10\/go-plus-perfil-olive.jpg","type":"image\/jpeg"}],"twitter_card":"summary_large_image","schema":{"@context":"https:\/\/schema.org","@graph":[{"@type":"WebPage","@id":"https:\/\/playmarketshop.com\/de\/product\/goplus-premium\/","url":"https:\/\/playmarketshop.com\/de\/product\/goplus-premium\/","name":"Go Plus - Premium Collection - Playmarket","isPartOf":{"@id":"https:\/\/playmarketshop.com\/#website"},"primaryImageOfPage":{"@id":"https:\/\/playmarketshop.com\/de\/product\/goplus-premium\/#primaryimage"},"image":{"@id":"https:\/\/playmarketshop.com\/de\/product\/goplus-premium\/#primaryimage"},"thumbnailUrl":"https:\/\/playmarketshop.com\/wp-content\/uploads\/2021\/10\/go-plus-perfil-olive.jpg","datePublished":"2021-10-22T12:42:29+00:00","dateModified":"2026-04-22T19:41:52+00:00","breadcrumb":{"@id":"https:\/\/playmarketshop.com\/de\/product\/goplus-premium\/#breadcrumb"},"inLanguage":"de","potentialAction":[{"@type":"ReadAction","target":["https:\/\/playmarketshop.com\/de\/product\/goplus-premium\/"]}]},{"@type":"ImageObject","inLanguage":"de","@id":"https:\/\/playmarketshop.com\/de\/product\/goplus-premium\/#primaryimage","url":"https:\/\/playmarketshop.com\/wp-content\/uploads\/2021\/10\/go-plus-perfil-olive.jpg","contentUrl":"https:\/\/playmarketshop.com\/wp-content\/uploads\/2021\/10\/go-plus-perfil-olive.jpg","width":2300,"height":2500},{"@type":"BreadcrumbList","@id":"https:\/\/playmarketshop.com\/de\/product\/goplus-premium\/#breadcrumb","itemListElement":[{"@type":"ListItem","position":1,"name":"Home","item":"https:\/\/playmarketshop.com\/de\/"},{"@type":"ListItem","position":2,"name":"Shop","item":"https:\/\/playmarketshop.com\/de\/shop-2\/"},{"@type":"ListItem","position":3,"name":"Go Plus &#8211; Premium Collection"}]},{"@type":"WebSite","@id":"https:\/\/playmarketshop.com\/#website","url":"https:\/\/playmarketshop.com\/","name":"Playmarket","description":"Los mejores carro de la compra","potentialAction":[{"@type":"SearchAction","target":{"@type":"EntryPoint","urlTemplate":"https:\/\/playmarketshop.com\/?s={search_term_string}"},"query-input":{"@type":"PropertyValueSpecification","valueRequired":true,"valueName":"search_term_string"}}],"inLanguage":"de"}]}},"_links":{"self":[{"href":"https:\/\/playmarketshop.com\/de\/wp-json\/wp\/v2\/product\/3302","targetHints":{"allow":["GET"]}}],"collection":[{"href":"https:\/\/playmarketshop.com\/de\/wp-json\/wp\/v2\/product"}],"about":[{"href":"https:\/\/playmarketshop.com\/de\/wp-json\/wp\/v2\/types\/product"}],"wp:featuredmedia":[{"embeddable":true,"href":"https:\/\/playmarketshop.com\/de\/wp-json\/wp\/v2\/media\/5994"}],"wp:attachment":[{"href":"https:\/\/playmarketshop.com\/de\/wp-json\/wp\/v2\/media?parent=3302"}],"wp:term":[{"taxonomy":"product_brand","embeddable":true,"href":"https:\/\/playmarketshop.com\/de\/wp-json\/wp\/v2\/product_brand?post=3302"},{"taxonomy":"product_cat","embeddable":true,"href":"https:\/\/playmarketshop.com\/de\/wp-json\/wp\/v2\/product_cat?post=3302"},{"taxonomy":"product_tag","embeddable":true,"href":"https:\/\/playmarketshop.com\/de\/wp-json\/wp\/v2\/product_tag?post=3302"}],"curies":[{"name":"wp","href":"https:\/\/api.w.org\/{rel}","templated":true}]}}