{"id":3284,"date":"2022-08-02T11:43:58","date_gmt":"2022-08-02T11:43:58","guid":{"rendered":"https:\/\/playmarketshop.com\/product\/go-up-premium-collection\/"},"modified":"2026-03-17T14:01:22","modified_gmt":"2026-03-17T14:01:22","slug":"go-up-premium-collection","status":"publish","type":"product","link":"https:\/\/playmarketshop.com\/de\/product\/go-up-premium-collection\/","title":{"rendered":"Go Up &#8211; Premium Collection"},"content":{"rendered":"","protected":false},"excerpt":{"rendered":"<p>Fahr ihn mit zwei oder vier R\u00e4dern, was immer f\u00fcr dich leichter und bequemer ist. Go Up passt immer. Seine beweglichen Vorderr\u00e4der fahren dich wohin du willst mit einem Minimum an Kraft und ohne die Notwendigkeit, den Trolley anzuheben oder unn\u00f6tig zu drehen. Und dan kder Abnehmbaren Tasche kannst du den Rahmen f\u00fcr andere Zwecke verwenden.<\/p>\n","protected":false},"featured_media":3991,"template":"","meta":{"_acf_changed":false},"product_brand":[],"product_cat":[40],"product_tag":[],"class_list":{"0":"post-3284","1":"product","2":"type-product","3":"status-publish","4":"has-post-thumbnail","6":"product_cat-go-up-de","8":"first","9":"instock","10":"taxable","11":"shipping-taxable","12":"purchasable","13":"product-type-variable"},"acf":[],"yoast_head":"<!-- This site is optimized with the Yoast SEO plugin v27.3 - https:\/\/yoast.com\/product\/yoast-seo-wordpress\/ -->\n<title>Go Up - Premium Collection - Playmarket<\/title>\n<meta name=\"robots\" content=\"index, follow, max-snippet:-1, max-image-preview:large, max-video-preview:-1\" \/>\n<link rel=\"canonical\" href=\"https:\/\/playmarketshop.com\/de\/product\/go-up-premium-collection\/\" \/>\n<meta property=\"og:locale\" content=\"de_DE\" \/>\n<meta property=\"og:type\" content=\"article\" \/>\n<meta property=\"og:title\" content=\"Go Up - Premium Collection - Playmarket\" \/>\n<meta property=\"og:description\" content=\"Fahr ihn mit zwei oder vier R\u00e4dern, was immer f\u00fcr dich leichter und bequemer ist. Go Up passt immer. Seine beweglichen Vorderr\u00e4der fahren dich wohin du willst mit einem Minimum an Kraft und ohne die Notwendigkeit, den Trolley anzuheben oder unn\u00f6tig zu drehen. Und dan kder Abnehmbaren Tasche kannst du den Rahmen f\u00fcr andere Zwecke verwenden.\" \/>\n<meta property=\"og:url\" content=\"https:\/\/playmarketshop.com\/de\/product\/go-up-premium-collection\/\" \/>\n<meta property=\"og:site_name\" content=\"Playmarket\" \/>\n<meta property=\"article:modified_time\" content=\"2026-03-17T14:01:22+00:00\" \/>\n<meta property=\"og:image\" content=\"https:\/\/playmarketshop.com\/wp-content\/uploads\/2022\/08\/go-up-vermell-perfil.jpg\" \/>\n\t<meta property=\"og:image:width\" content=\"2300\" \/>\n\t<meta property=\"og:image:height\" content=\"2500\" \/>\n\t<meta property=\"og:image:type\" content=\"image\/jpeg\" \/>\n<meta name=\"twitter:card\" content=\"summary_large_image\" \/>\n<script type=\"application\/ld+json\" class=\"yoast-schema-graph\">{\"@context\":\"https:\\\/\\\/schema.org\",\"@graph\":[{\"@type\":\"WebPage\",\"@id\":\"https:\\\/\\\/playmarketshop.com\\\/de\\\/product\\\/go-up-premium-collection\\\/\",\"url\":\"https:\\\/\\\/playmarketshop.com\\\/de\\\/product\\\/go-up-premium-collection\\\/\",\"name\":\"Go Up - Premium Collection - Playmarket\",\"isPartOf\":{\"@id\":\"https:\\\/\\\/playmarketshop.com\\\/#website\"},\"primaryImageOfPage\":{\"@id\":\"https:\\\/\\\/playmarketshop.com\\\/de\\\/product\\\/go-up-premium-collection\\\/#primaryimage\"},\"image\":{\"@id\":\"https:\\\/\\\/playmarketshop.com\\\/de\\\/product\\\/go-up-premium-collection\\\/#primaryimage\"},\"thumbnailUrl\":\"https:\\\/\\\/playmarketshop.com\\\/wp-content\\\/uploads\\\/2022\\\/08\\\/go-up-vermell-perfil.jpg\",\"datePublished\":\"2022-08-02T11:43:58+00:00\",\"dateModified\":\"2026-03-17T14:01:22+00:00\",\"breadcrumb\":{\"@id\":\"https:\\\/\\\/playmarketshop.com\\\/de\\\/product\\\/go-up-premium-collection\\\/#breadcrumb\"},\"inLanguage\":\"de\",\"potentialAction\":[{\"@type\":\"ReadAction\",\"target\":[\"https:\\\/\\\/playmarketshop.com\\\/de\\\/product\\\/go-up-premium-collection\\\/\"]}]},{\"@type\":\"ImageObject\",\"inLanguage\":\"de\",\"@id\":\"https:\\\/\\\/playmarketshop.com\\\/de\\\/product\\\/go-up-premium-collection\\\/#primaryimage\",\"url\":\"https:\\\/\\\/playmarketshop.com\\\/wp-content\\\/uploads\\\/2022\\\/08\\\/go-up-vermell-perfil.jpg\",\"contentUrl\":\"https:\\\/\\\/playmarketshop.com\\\/wp-content\\\/uploads\\\/2022\\\/08\\\/go-up-vermell-perfil.jpg\",\"width\":2300,\"height\":2500},{\"@type\":\"BreadcrumbList\",\"@id\":\"https:\\\/\\\/playmarketshop.com\\\/de\\\/product\\\/go-up-premium-collection\\\/#breadcrumb\",\"itemListElement\":[{\"@type\":\"ListItem\",\"position\":1,\"name\":\"Home\",\"item\":\"https:\\\/\\\/playmarketshop.com\\\/de\\\/\"},{\"@type\":\"ListItem\",\"position\":2,\"name\":\"Shop\",\"item\":\"https:\\\/\\\/playmarketshop.com\\\/de\\\/shop-2\\\/\"},{\"@type\":\"ListItem\",\"position\":3,\"name\":\"Go Up &#8211; Premium Collection\"}]},{\"@type\":\"WebSite\",\"@id\":\"https:\\\/\\\/playmarketshop.com\\\/#website\",\"url\":\"https:\\\/\\\/playmarketshop.com\\\/\",\"name\":\"Playmarket\",\"description\":\"Los mejores carro de la compra\",\"potentialAction\":[{\"@type\":\"SearchAction\",\"target\":{\"@type\":\"EntryPoint\",\"urlTemplate\":\"https:\\\/\\\/playmarketshop.com\\\/?s={search_term_string}\"},\"query-input\":{\"@type\":\"PropertyValueSpecification\",\"valueRequired\":true,\"valueName\":\"search_term_string\"}}],\"inLanguage\":\"de\"}]}<\/script>\n<!-- \/ Yoast SEO plugin. -->","yoast_head_json":{"title":"Go Up - Premium Collection - Playmarket","robots":{"index":"index","follow":"follow","max-snippet":"max-snippet:-1","max-image-preview":"max-image-preview:large","max-video-preview":"max-video-preview:-1"},"canonical":"https:\/\/playmarketshop.com\/de\/product\/go-up-premium-collection\/","og_locale":"de_DE","og_type":"article","og_title":"Go Up - Premium Collection - Playmarket","og_description":"Fahr ihn mit zwei oder vier R\u00e4dern, was immer f\u00fcr dich leichter und bequemer ist. Go Up passt immer. Seine beweglichen Vorderr\u00e4der fahren dich wohin du willst mit einem Minimum an Kraft und ohne die Notwendigkeit, den Trolley anzuheben oder unn\u00f6tig zu drehen. Und dan kder Abnehmbaren Tasche kannst du den Rahmen f\u00fcr andere Zwecke verwenden.","og_url":"https:\/\/playmarketshop.com\/de\/product\/go-up-premium-collection\/","og_site_name":"Playmarket","article_modified_time":"2026-03-17T14:01:22+00:00","og_image":[{"width":2300,"height":2500,"url":"https:\/\/playmarketshop.com\/wp-content\/uploads\/2022\/08\/go-up-vermell-perfil.jpg","type":"image\/jpeg"}],"twitter_card":"summary_large_image","schema":{"@context":"https:\/\/schema.org","@graph":[{"@type":"WebPage","@id":"https:\/\/playmarketshop.com\/de\/product\/go-up-premium-collection\/","url":"https:\/\/playmarketshop.com\/de\/product\/go-up-premium-collection\/","name":"Go Up - Premium Collection - Playmarket","isPartOf":{"@id":"https:\/\/playmarketshop.com\/#website"},"primaryImageOfPage":{"@id":"https:\/\/playmarketshop.com\/de\/product\/go-up-premium-collection\/#primaryimage"},"image":{"@id":"https:\/\/playmarketshop.com\/de\/product\/go-up-premium-collection\/#primaryimage"},"thumbnailUrl":"https:\/\/playmarketshop.com\/wp-content\/uploads\/2022\/08\/go-up-vermell-perfil.jpg","datePublished":"2022-08-02T11:43:58+00:00","dateModified":"2026-03-17T14:01:22+00:00","breadcrumb":{"@id":"https:\/\/playmarketshop.com\/de\/product\/go-up-premium-collection\/#breadcrumb"},"inLanguage":"de","potentialAction":[{"@type":"ReadAction","target":["https:\/\/playmarketshop.com\/de\/product\/go-up-premium-collection\/"]}]},{"@type":"ImageObject","inLanguage":"de","@id":"https:\/\/playmarketshop.com\/de\/product\/go-up-premium-collection\/#primaryimage","url":"https:\/\/playmarketshop.com\/wp-content\/uploads\/2022\/08\/go-up-vermell-perfil.jpg","contentUrl":"https:\/\/playmarketshop.com\/wp-content\/uploads\/2022\/08\/go-up-vermell-perfil.jpg","width":2300,"height":2500},{"@type":"BreadcrumbList","@id":"https:\/\/playmarketshop.com\/de\/product\/go-up-premium-collection\/#breadcrumb","itemListElement":[{"@type":"ListItem","position":1,"name":"Home","item":"https:\/\/playmarketshop.com\/de\/"},{"@type":"ListItem","position":2,"name":"Shop","item":"https:\/\/playmarketshop.com\/de\/shop-2\/"},{"@type":"ListItem","position":3,"name":"Go Up &#8211; Premium Collection"}]},{"@type":"WebSite","@id":"https:\/\/playmarketshop.com\/#website","url":"https:\/\/playmarketshop.com\/","name":"Playmarket","description":"Los mejores carro de la compra","potentialAction":[{"@type":"SearchAction","target":{"@type":"EntryPoint","urlTemplate":"https:\/\/playmarketshop.com\/?s={search_term_string}"},"query-input":{"@type":"PropertyValueSpecification","valueRequired":true,"valueName":"search_term_string"}}],"inLanguage":"de"}]}},"_links":{"self":[{"href":"https:\/\/playmarketshop.com\/de\/wp-json\/wp\/v2\/product\/3284","targetHints":{"allow":["GET"]}}],"collection":[{"href":"https:\/\/playmarketshop.com\/de\/wp-json\/wp\/v2\/product"}],"about":[{"href":"https:\/\/playmarketshop.com\/de\/wp-json\/wp\/v2\/types\/product"}],"wp:featuredmedia":[{"embeddable":true,"href":"https:\/\/playmarketshop.com\/de\/wp-json\/wp\/v2\/media\/3991"}],"wp:attachment":[{"href":"https:\/\/playmarketshop.com\/de\/wp-json\/wp\/v2\/media?parent=3284"}],"wp:term":[{"taxonomy":"product_brand","embeddable":true,"href":"https:\/\/playmarketshop.com\/de\/wp-json\/wp\/v2\/product_brand?post=3284"},{"taxonomy":"product_cat","embeddable":true,"href":"https:\/\/playmarketshop.com\/de\/wp-json\/wp\/v2\/product_cat?post=3284"},{"taxonomy":"product_tag","embeddable":true,"href":"https:\/\/playmarketshop.com\/de\/wp-json\/wp\/v2\/product_tag?post=3284"}],"curies":[{"name":"wp","href":"https:\/\/api.w.org\/{rel}","templated":true}]}}