{"id":11098,"date":"2026-01-22T08:08:16","date_gmt":"2026-01-22T08:08:16","guid":{"rendered":"https:\/\/playmarketshop.com\/product\/easy-go-pets\/"},"modified":"2026-03-23T13:19:29","modified_gmt":"2026-03-23T13:19:29","slug":"easy-go-pets","status":"publish","type":"product","link":"https:\/\/playmarketshop.com\/de\/product\/easy-go-pets\/","title":{"rendered":"Easy Go Pets"},"content":{"rendered":"","protected":false},"excerpt":{"rendered":"<div class=\"flex flex-col text-sm pb-25\">\n<section class=\"text-token-text-primary w-full focus:outline-none [--shadow-height:45px] has-data-writing-block:pointer-events-none has-data-writing-block:-mt-(--shadow-height) has-data-writing-block:pt-(--shadow-height) [&amp;:has([data-writing-block])&gt;*]:pointer-events-auto scroll-mt-[calc(var(--header-height)+min(200px,max(70px,20svh)))]\" dir=\"auto\" data-turn-id=\"request-WEB:8488b529-cd5d-4803-a3eb-3fea3b89c244-68\" data-testid=\"conversation-turn-138\" data-scroll-anchor=\"true\" data-turn=\"assistant\">\n<div class=\"text-base my-auto mx-auto pb-10 [--thread-content-margin:var(--thread-content-margin-xs,calc(var(--spacing)*4))] @w-sm\/main:[--thread-content-margin:var(--thread-content-margin-sm,calc(var(--spacing)*6))] @w-lg\/main:[--thread-content-margin:var(--thread-content-margin-lg,calc(var(--spacing)*16))] px-(--thread-content-margin)\">\n<div class=\"[--thread-content-max-width:40rem] @w-lg\/main:[--thread-content-max-width:48rem] mx-auto max-w-(--thread-content-max-width) flex-1 group\/turn-messages focus-visible:outline-hidden relative flex w-full min-w-0 flex-col agent-turn\">\n<div class=\"flex max-w-full flex-col gap-4 grow\">\n<div class=\"min-h-8 text-message relative flex w-full flex-col items-end gap-2 text-start break-words whitespace-normal outline-none keyboard-focused:focus-ring [.text-message+&amp;]:mt-1\" dir=\"auto\" tabindex=\"0\" data-message-author-role=\"assistant\" data-message-id=\"ab6d1c82-0089-4d7e-8758-b6fa3051b486\" data-message-model-slug=\"gpt-5-mini\" data-turn-start-message=\"true\">\n<div class=\"flex w-full flex-col gap-1 empty:hidden\">\n<div class=\"markdown prose dark:prose-invert w-full wrap-break-word light markdown-new-styling\">\n<p data-start=\"0\" data-end=\"76\" data-is-last-node=\"\" data-is-only-node=\"\"><strong>Entdecken Sie eine neue Art, mit Ihrem pelzigen Begleiter spazieren zu gehen<\/strong><\/p>\n<\/div>\n<\/div>\n<\/div>\n<\/div>\n<\/div>\n<\/div>\n<\/section>\n<\/div>\n<p>Easy Go Pets ist ein Kinderwagen f\u00fcr kleine Haustiere, inspiriert von den Playmarket-Kinderwagen, der Stil, Funktionalit\u00e4t und Komfort vereint. Sein 2-in-1-System erm\u00f6glicht die Nutzung als Kinderwagen auf R\u00e4dern oder als Hand-Transportkorb mit Griffen \u2013 ideal f\u00fcr Spazierg\u00e4nge, Reisen und Tierarztbesuche. Au\u00dferdem verf\u00fcgt er \u00fcber mehrere \u00d6ffnungen und Bel\u00fcftungsfenster f\u00fcr mehr Komfort und Sicherheit.<\/p>\n","protected":false},"featured_media":10907,"template":"","meta":{"_acf_changed":false},"product_brand":[],"product_cat":[349],"product_tag":[363,364,365],"class_list":{"0":"post-11098","1":"product","2":"type-product","3":"status-publish","4":"has-post-thumbnail","6":"product_cat-easy-go-pets-de","7":"product_tag-carrito-mascotas","8":"product_tag-carro-animales","9":"product_tag-carro-mascotas","11":"first","12":"instock","13":"taxable","14":"shipping-taxable","15":"purchasable","16":"product-type-variable","17":"has-default-attributes"},"acf":[],"yoast_head":"<!-- This site is optimized with the Yoast SEO plugin v27.3 - https:\/\/yoast.com\/product\/yoast-seo-wordpress\/ -->\n<title>Easy Go Pets - Playmarket<\/title>\n<meta name=\"robots\" content=\"index, follow, max-snippet:-1, max-image-preview:large, max-video-preview:-1\" \/>\n<link rel=\"canonical\" href=\"https:\/\/playmarketshop.com\/de\/product\/easy-go-pets\/\" \/>\n<meta property=\"og:locale\" content=\"de_DE\" \/>\n<meta property=\"og:type\" content=\"article\" \/>\n<meta property=\"og:title\" content=\"Easy Go Pets - Playmarket\" \/>\n<meta property=\"og:description\" content=\"Entdecken Sie eine neue Art, mit Ihrem pelzigen Begleiter spazieren zu gehen         Easy Go Pets ist ein Kinderwagen f\u00fcr kleine Haustiere, inspiriert von den Playmarket-Kinderwagen, der Stil, Funktionalit\u00e4t und Komfort vereint. Sein 2-in-1-System erm\u00f6glicht die Nutzung als Kinderwagen auf R\u00e4dern oder als Hand-Transportkorb mit Griffen \u2013 ideal f\u00fcr Spazierg\u00e4nge, Reisen und Tierarztbesuche. Au\u00dferdem verf\u00fcgt er \u00fcber mehrere \u00d6ffnungen und Bel\u00fcftungsfenster f\u00fcr mehr Komfort und Sicherheit.\" \/>\n<meta property=\"og:url\" content=\"https:\/\/playmarketshop.com\/de\/product\/easy-go-pets\/\" \/>\n<meta property=\"og:site_name\" content=\"Playmarket\" \/>\n<meta property=\"article:modified_time\" content=\"2026-03-23T13:19:29+00:00\" \/>\n<meta property=\"og:image\" content=\"https:\/\/playmarketshop.com\/wp-content\/uploads\/2026\/01\/easy-go-pets-perfil.jpg\" \/>\n\t<meta property=\"og:image:width\" content=\"2300\" \/>\n\t<meta property=\"og:image:height\" content=\"2500\" \/>\n\t<meta property=\"og:image:type\" content=\"image\/jpeg\" \/>\n<meta name=\"twitter:card\" content=\"summary_large_image\" \/>\n<script type=\"application\/ld+json\" class=\"yoast-schema-graph\">{\"@context\":\"https:\\\/\\\/schema.org\",\"@graph\":[{\"@type\":\"WebPage\",\"@id\":\"https:\\\/\\\/playmarketshop.com\\\/de\\\/product\\\/easy-go-pets\\\/\",\"url\":\"https:\\\/\\\/playmarketshop.com\\\/de\\\/product\\\/easy-go-pets\\\/\",\"name\":\"Easy Go Pets - Playmarket\",\"isPartOf\":{\"@id\":\"https:\\\/\\\/playmarketshop.com\\\/#website\"},\"primaryImageOfPage\":{\"@id\":\"https:\\\/\\\/playmarketshop.com\\\/de\\\/product\\\/easy-go-pets\\\/#primaryimage\"},\"image\":{\"@id\":\"https:\\\/\\\/playmarketshop.com\\\/de\\\/product\\\/easy-go-pets\\\/#primaryimage\"},\"thumbnailUrl\":\"https:\\\/\\\/playmarketshop.com\\\/wp-content\\\/uploads\\\/2026\\\/01\\\/easy-go-pets-perfil.jpg\",\"datePublished\":\"2026-01-22T08:08:16+00:00\",\"dateModified\":\"2026-03-23T13:19:29+00:00\",\"breadcrumb\":{\"@id\":\"https:\\\/\\\/playmarketshop.com\\\/de\\\/product\\\/easy-go-pets\\\/#breadcrumb\"},\"inLanguage\":\"de\",\"potentialAction\":[{\"@type\":\"ReadAction\",\"target\":[\"https:\\\/\\\/playmarketshop.com\\\/de\\\/product\\\/easy-go-pets\\\/\"]}]},{\"@type\":\"ImageObject\",\"inLanguage\":\"de\",\"@id\":\"https:\\\/\\\/playmarketshop.com\\\/de\\\/product\\\/easy-go-pets\\\/#primaryimage\",\"url\":\"https:\\\/\\\/playmarketshop.com\\\/wp-content\\\/uploads\\\/2026\\\/01\\\/easy-go-pets-perfil.jpg\",\"contentUrl\":\"https:\\\/\\\/playmarketshop.com\\\/wp-content\\\/uploads\\\/2026\\\/01\\\/easy-go-pets-perfil.jpg\",\"width\":2300,\"height\":2500},{\"@type\":\"BreadcrumbList\",\"@id\":\"https:\\\/\\\/playmarketshop.com\\\/de\\\/product\\\/easy-go-pets\\\/#breadcrumb\",\"itemListElement\":[{\"@type\":\"ListItem\",\"position\":1,\"name\":\"Home\",\"item\":\"https:\\\/\\\/playmarketshop.com\\\/de\\\/\"},{\"@type\":\"ListItem\",\"position\":2,\"name\":\"Shop\",\"item\":\"https:\\\/\\\/playmarketshop.com\\\/de\\\/shop-2\\\/\"},{\"@type\":\"ListItem\",\"position\":3,\"name\":\"Easy Go Pets\"}]},{\"@type\":\"WebSite\",\"@id\":\"https:\\\/\\\/playmarketshop.com\\\/#website\",\"url\":\"https:\\\/\\\/playmarketshop.com\\\/\",\"name\":\"Playmarket\",\"description\":\"Los mejores carro de la compra\",\"potentialAction\":[{\"@type\":\"SearchAction\",\"target\":{\"@type\":\"EntryPoint\",\"urlTemplate\":\"https:\\\/\\\/playmarketshop.com\\\/?s={search_term_string}\"},\"query-input\":{\"@type\":\"PropertyValueSpecification\",\"valueRequired\":true,\"valueName\":\"search_term_string\"}}],\"inLanguage\":\"de\"}]}<\/script>\n<!-- \/ Yoast SEO plugin. -->","yoast_head_json":{"title":"Easy Go Pets - Playmarket","robots":{"index":"index","follow":"follow","max-snippet":"max-snippet:-1","max-image-preview":"max-image-preview:large","max-video-preview":"max-video-preview:-1"},"canonical":"https:\/\/playmarketshop.com\/de\/product\/easy-go-pets\/","og_locale":"de_DE","og_type":"article","og_title":"Easy Go Pets - Playmarket","og_description":"Entdecken Sie eine neue Art, mit Ihrem pelzigen Begleiter spazieren zu gehen         Easy Go Pets ist ein Kinderwagen f\u00fcr kleine Haustiere, inspiriert von den Playmarket-Kinderwagen, der Stil, Funktionalit\u00e4t und Komfort vereint. Sein 2-in-1-System erm\u00f6glicht die Nutzung als Kinderwagen auf R\u00e4dern oder als Hand-Transportkorb mit Griffen \u2013 ideal f\u00fcr Spazierg\u00e4nge, Reisen und Tierarztbesuche. Au\u00dferdem verf\u00fcgt er \u00fcber mehrere \u00d6ffnungen und Bel\u00fcftungsfenster f\u00fcr mehr Komfort und Sicherheit.","og_url":"https:\/\/playmarketshop.com\/de\/product\/easy-go-pets\/","og_site_name":"Playmarket","article_modified_time":"2026-03-23T13:19:29+00:00","og_image":[{"width":2300,"height":2500,"url":"https:\/\/playmarketshop.com\/wp-content\/uploads\/2026\/01\/easy-go-pets-perfil.jpg","type":"image\/jpeg"}],"twitter_card":"summary_large_image","schema":{"@context":"https:\/\/schema.org","@graph":[{"@type":"WebPage","@id":"https:\/\/playmarketshop.com\/de\/product\/easy-go-pets\/","url":"https:\/\/playmarketshop.com\/de\/product\/easy-go-pets\/","name":"Easy Go Pets - Playmarket","isPartOf":{"@id":"https:\/\/playmarketshop.com\/#website"},"primaryImageOfPage":{"@id":"https:\/\/playmarketshop.com\/de\/product\/easy-go-pets\/#primaryimage"},"image":{"@id":"https:\/\/playmarketshop.com\/de\/product\/easy-go-pets\/#primaryimage"},"thumbnailUrl":"https:\/\/playmarketshop.com\/wp-content\/uploads\/2026\/01\/easy-go-pets-perfil.jpg","datePublished":"2026-01-22T08:08:16+00:00","dateModified":"2026-03-23T13:19:29+00:00","breadcrumb":{"@id":"https:\/\/playmarketshop.com\/de\/product\/easy-go-pets\/#breadcrumb"},"inLanguage":"de","potentialAction":[{"@type":"ReadAction","target":["https:\/\/playmarketshop.com\/de\/product\/easy-go-pets\/"]}]},{"@type":"ImageObject","inLanguage":"de","@id":"https:\/\/playmarketshop.com\/de\/product\/easy-go-pets\/#primaryimage","url":"https:\/\/playmarketshop.com\/wp-content\/uploads\/2026\/01\/easy-go-pets-perfil.jpg","contentUrl":"https:\/\/playmarketshop.com\/wp-content\/uploads\/2026\/01\/easy-go-pets-perfil.jpg","width":2300,"height":2500},{"@type":"BreadcrumbList","@id":"https:\/\/playmarketshop.com\/de\/product\/easy-go-pets\/#breadcrumb","itemListElement":[{"@type":"ListItem","position":1,"name":"Home","item":"https:\/\/playmarketshop.com\/de\/"},{"@type":"ListItem","position":2,"name":"Shop","item":"https:\/\/playmarketshop.com\/de\/shop-2\/"},{"@type":"ListItem","position":3,"name":"Easy Go Pets"}]},{"@type":"WebSite","@id":"https:\/\/playmarketshop.com\/#website","url":"https:\/\/playmarketshop.com\/","name":"Playmarket","description":"Los mejores carro de la compra","potentialAction":[{"@type":"SearchAction","target":{"@type":"EntryPoint","urlTemplate":"https:\/\/playmarketshop.com\/?s={search_term_string}"},"query-input":{"@type":"PropertyValueSpecification","valueRequired":true,"valueName":"search_term_string"}}],"inLanguage":"de"}]}},"_links":{"self":[{"href":"https:\/\/playmarketshop.com\/de\/wp-json\/wp\/v2\/product\/11098","targetHints":{"allow":["GET"]}}],"collection":[{"href":"https:\/\/playmarketshop.com\/de\/wp-json\/wp\/v2\/product"}],"about":[{"href":"https:\/\/playmarketshop.com\/de\/wp-json\/wp\/v2\/types\/product"}],"wp:featuredmedia":[{"embeddable":true,"href":"https:\/\/playmarketshop.com\/de\/wp-json\/wp\/v2\/media\/10907"}],"wp:attachment":[{"href":"https:\/\/playmarketshop.com\/de\/wp-json\/wp\/v2\/media?parent=11098"}],"wp:term":[{"taxonomy":"product_brand","embeddable":true,"href":"https:\/\/playmarketshop.com\/de\/wp-json\/wp\/v2\/product_brand?post=11098"},{"taxonomy":"product_cat","embeddable":true,"href":"https:\/\/playmarketshop.com\/de\/wp-json\/wp\/v2\/product_cat?post=11098"},{"taxonomy":"product_tag","embeddable":true,"href":"https:\/\/playmarketshop.com\/de\/wp-json\/wp\/v2\/product_tag?post=11098"}],"curies":[{"name":"wp","href":"https:\/\/api.w.org\/{rel}","templated":true}]}}